{"id":26385,"date":"2026-02-09T11:02:49","date_gmt":"2026-02-09T11:02:49","guid":{"rendered":"http:\/\/logic-vault.com\/?post_type=product&#038;p=26385"},"modified":"2026-02-11T13:39:44","modified_gmt":"2026-02-11T13:39:44","slug":"global-trade-connections-across-continents","status":"publish","type":"product","link":"https:\/\/logic-vault.com\/tr\/urun\/global-trade-connections-across-continents\/","title":{"rendered":"K\u0131talararas\u0131 K\u00fcresel Ticaret Ba\u011flant\u0131lar\u0131"},"content":{"rendered":"<p>This prompt generates a cinematic visualization of global trade connections linking continents through luminous routes and nodes. It\u2019s ideal for illustrating international commerce, logistics networks, supply chains, and economic globalization in enterprise and presentation visuals.<\/p>","protected":false},"excerpt":{"rendered":"<p>This prompt generates a cinematic visualization of global trade connections linking continents through luminous routes and nodes. It\u2019s ideal for illustrating international commerce, logistics networks, supply chains, and economic globalization in enterprise and presentation visuals.<\/p>","protected":false},"featured_media":25956,"comment_status":"open","ping_status":"closed","template":"","meta":[],"product_brand":[],"product_cat":[4101],"product_tag":[],"class_list":{"0":"post-26385","1":"product","2":"type-product","3":"status-publish","4":"has-post-thumbnail","6":"product_cat-productivity-automation","8":"first","9":"instock","10":"downloadable","11":"virtual","12":"product-type-simple"},"bundled_by":[],"bundle_stock_status":"instock","bundle_stock_quantity":null,"bundle_virtual":false,"bundle_layout":"","bundle_add_to_cart_form_location":"","bundle_editable_in_cart":false,"bundle_sold_individually_context":"","bundle_item_grouping":"","bundle_min_size":"","bundle_max_size":"","bundle_price":[],"bundled_items":[],"bundle_sell_ids":[],"_links":{"self":[{"href":"https:\/\/logic-vault.com\/tr\/wp-json\/wp\/v2\/product\/26385","targetHints":{"allow":["GET"]}}],"collection":[{"href":"https:\/\/logic-vault.com\/tr\/wp-json\/wp\/v2\/product"}],"about":[{"href":"https:\/\/logic-vault.com\/tr\/wp-json\/wp\/v2\/types\/product"}],"replies":[{"embeddable":true,"href":"https:\/\/logic-vault.com\/tr\/wp-json\/wp\/v2\/comments?post=26385"}],"wp:featuredmedia":[{"embeddable":true,"href":"https:\/\/logic-vault.com\/tr\/wp-json\/wp\/v2\/media\/25956"}],"wp:attachment":[{"href":"https:\/\/logic-vault.com\/tr\/wp-json\/wp\/v2\/media?parent=26385"}],"wp:term":[{"taxonomy":"product_brand","embeddable":true,"href":"https:\/\/logic-vault.com\/tr\/wp-json\/wp\/v2\/product_brand?post=26385"},{"taxonomy":"product_cat","embeddable":true,"href":"https:\/\/logic-vault.com\/tr\/wp-json\/wp\/v2\/product_cat?post=26385"},{"taxonomy":"product_tag","embeddable":true,"href":"https:\/\/logic-vault.com\/tr\/wp-json\/wp\/v2\/product_tag?post=26385"}],"curies":[{"name":"wp","href":"https:\/\/api.w.org\/{rel}","templated":true}]}}