{"id":26384,"date":"2026-02-09T11:02:49","date_gmt":"2026-02-09T11:02:49","guid":{"rendered":"http:\/\/logic-vault.com\/?post_type=product&#038;p=26384"},"modified":"2026-02-11T13:39:44","modified_gmt":"2026-02-11T13:39:44","slug":"professional-ai-assistant-avatar-for-business-use","status":"publish","type":"product","link":"https:\/\/logic-vault.com\/tr\/urun\/professional-ai-assistant-avatar-for-business-use\/","title":{"rendered":"\u0130\u015f Ama\u00e7l\u0131 Profesyonel Yapay Zeka Asistan\u0131 Avatar\u0131"},"content":{"rendered":"<p>Bu komut, i\u015fletme ve kurumsal uygulamalar i\u00e7in uygun, temiz ve profesyonel bir yapay zeka asistan avatar\u0131 olu\u015fturur. G\u00fcvenilir ve modern bir g\u00f6rsel kimli\u011fe ihtiya\u00e7 duyan SaaS \u00fcr\u00fcnleri, sohbet botlar\u0131, kontrol panelleri ve sanal asistanlar i\u00e7in idealdir.<\/p>","protected":false},"excerpt":{"rendered":"<p>Bu komut, i\u015fletme ve kurumsal uygulamalar i\u00e7in uygun, temiz ve profesyonel bir yapay zeka asistan avatar\u0131 olu\u015fturur. G\u00fcvenilir ve modern bir g\u00f6rsel kimli\u011fe ihtiya\u00e7 duyan SaaS \u00fcr\u00fcnleri, sohbet botlar\u0131, kontrol panelleri ve sanal asistanlar i\u00e7in idealdir.<\/p>","protected":false},"featured_media":25468,"comment_status":"open","ping_status":"closed","template":"","meta":[],"product_brand":[],"product_cat":[4091],"product_tag":[],"class_list":{"0":"post-26384","1":"product","2":"type-product","3":"status-publish","4":"has-post-thumbnail","6":"product_cat-coding-development","8":"first","9":"instock","10":"downloadable","11":"virtual","12":"product-type-simple"},"bundled_by":[],"bundle_stock_status":"instock","bundle_stock_quantity":null,"bundle_virtual":false,"bundle_layout":"","bundle_add_to_cart_form_location":"","bundle_editable_in_cart":false,"bundle_sold_individually_context":"","bundle_item_grouping":"","bundle_min_size":"","bundle_max_size":"","bundle_price":[],"bundled_items":[],"bundle_sell_ids":[],"_links":{"self":[{"href":"https:\/\/logic-vault.com\/tr\/wp-json\/wp\/v2\/product\/26384","targetHints":{"allow":["GET"]}}],"collection":[{"href":"https:\/\/logic-vault.com\/tr\/wp-json\/wp\/v2\/product"}],"about":[{"href":"https:\/\/logic-vault.com\/tr\/wp-json\/wp\/v2\/types\/product"}],"replies":[{"embeddable":true,"href":"https:\/\/logic-vault.com\/tr\/wp-json\/wp\/v2\/comments?post=26384"}],"wp:featuredmedia":[{"embeddable":true,"href":"https:\/\/logic-vault.com\/tr\/wp-json\/wp\/v2\/media\/25468"}],"wp:attachment":[{"href":"https:\/\/logic-vault.com\/tr\/wp-json\/wp\/v2\/media?parent=26384"}],"wp:term":[{"taxonomy":"product_brand","embeddable":true,"href":"https:\/\/logic-vault.com\/tr\/wp-json\/wp\/v2\/product_brand?post=26384"},{"taxonomy":"product_cat","embeddable":true,"href":"https:\/\/logic-vault.com\/tr\/wp-json\/wp\/v2\/product_cat?post=26384"},{"taxonomy":"product_tag","embeddable":true,"href":"https:\/\/logic-vault.com\/tr\/wp-json\/wp\/v2\/product_tag?post=26384"}],"curies":[{"name":"wp","href":"https:\/\/api.w.org\/{rel}","templated":true}]}}