{"id":26383,"date":"2026-02-09T11:02:49","date_gmt":"2026-02-09T11:02:49","guid":{"rendered":"http:\/\/logic-vault.com\/?post_type=product&#038;p=26383"},"modified":"2026-02-11T13:39:44","modified_gmt":"2026-02-11T13:39:44","slug":"futuristic-boardroom-with-holographic-charts","status":"publish","type":"product","link":"https:\/\/logic-vault.com\/tr\/urun\/futuristic-boardroom-with-holographic-charts\/","title":{"rendered":"Holografik Grafiklere Sahip F\u00fct\u00fcristik Toplant\u0131 Odas\u0131"},"content":{"rendered":"<p>Bu komut, holografik grafikler ve veri panolar\u0131yla zenginle\u015ftirilmi\u015f f\u00fct\u00fcristik bir \u015firket y\u00f6netim kurulu odas\u0131n\u0131n sinematik bir g\u00f6rselle\u015ftirmesini olu\u015fturur. Y\u00f6netici karar alma s\u00fcre\u00e7lerini, stratejik planlamay\u0131 ve yeni nesil kurumsal ortamlar\u0131 g\u00f6rselle\u015ftirmek i\u00e7in idealdir.<\/p>","protected":false},"excerpt":{"rendered":"<p>Bu komut, holografik grafikler ve veri panolar\u0131yla zenginle\u015ftirilmi\u015f f\u00fct\u00fcristik bir \u015firket y\u00f6netim kurulu odas\u0131n\u0131n sinematik bir g\u00f6rselle\u015ftirmesini olu\u015fturur. Y\u00f6netici karar alma s\u00fcre\u00e7lerini, stratejik planlamay\u0131 ve yeni nesil kurumsal ortamlar\u0131 g\u00f6rselle\u015ftirmek i\u00e7in idealdir.<\/p>","protected":false},"featured_media":26715,"comment_status":"open","ping_status":"closed","template":"","meta":[],"product_brand":[],"product_cat":[4097],"product_tag":[],"class_list":{"0":"post-26383","1":"product","2":"type-product","3":"status-publish","4":"has-post-thumbnail","6":"product_cat-design-creativity","8":"first","9":"instock","10":"downloadable","11":"virtual","12":"product-type-simple"},"bundled_by":[],"bundle_stock_status":"instock","bundle_stock_quantity":null,"bundle_virtual":false,"bundle_layout":"","bundle_add_to_cart_form_location":"","bundle_editable_in_cart":false,"bundle_sold_individually_context":"","bundle_item_grouping":"","bundle_min_size":"","bundle_max_size":"","bundle_price":[],"bundled_items":[],"bundle_sell_ids":[],"_links":{"self":[{"href":"https:\/\/logic-vault.com\/tr\/wp-json\/wp\/v2\/product\/26383","targetHints":{"allow":["GET"]}}],"collection":[{"href":"https:\/\/logic-vault.com\/tr\/wp-json\/wp\/v2\/product"}],"about":[{"href":"https:\/\/logic-vault.com\/tr\/wp-json\/wp\/v2\/types\/product"}],"replies":[{"embeddable":true,"href":"https:\/\/logic-vault.com\/tr\/wp-json\/wp\/v2\/comments?post=26383"}],"wp:featuredmedia":[{"embeddable":true,"href":"https:\/\/logic-vault.com\/tr\/wp-json\/wp\/v2\/media\/26715"}],"wp:attachment":[{"href":"https:\/\/logic-vault.com\/tr\/wp-json\/wp\/v2\/media?parent=26383"}],"wp:term":[{"taxonomy":"product_brand","embeddable":true,"href":"https:\/\/logic-vault.com\/tr\/wp-json\/wp\/v2\/product_brand?post=26383"},{"taxonomy":"product_cat","embeddable":true,"href":"https:\/\/logic-vault.com\/tr\/wp-json\/wp\/v2\/product_cat?post=26383"},{"taxonomy":"product_tag","embeddable":true,"href":"https:\/\/logic-vault.com\/tr\/wp-json\/wp\/v2\/product_tag?post=26383"}],"curies":[{"name":"wp","href":"https:\/\/api.w.org\/{rel}","templated":true}]}}