{"id":26382,"date":"2026-02-09T11:02:49","date_gmt":"2026-02-09T11:02:49","guid":{"rendered":"http:\/\/logic-vault.com\/?post_type=product&#038;p=26382"},"modified":"2026-02-11T13:39:42","modified_gmt":"2026-02-11T13:39:42","slug":"sleek-mobile-app-concept-for-financial-analytics","status":"publish","type":"product","link":"https:\/\/logic-vault.com\/tr\/urun\/sleek-mobile-app-concept-for-financial-analytics\/","title":{"rendered":"Finansal Analiz i\u00e7in \u015e\u0131k Mobil Uygulama Konsepti"},"content":{"rendered":"<p>Bu komut dosyas\u0131, \u00fcst d\u00fczey bir fintech g\u00f6r\u00fcn\u00fcm\u00fcne sahip, \u015f\u0131k ve modern bir finansal analiz mobil uygulama konsepti olu\u015fturur. Yat\u0131r\u0131m panolar\u0131n\u0131, ki\u015fisel finans uygulamalar\u0131n\u0131 ve mobil \u00f6ncelikli analiz \u00fcr\u00fcnlerini pazarlama ve \u00fcr\u00fcn tasar\u0131m materyallerinde sergilemek i\u00e7in idealdir.<\/p>","protected":false},"excerpt":{"rendered":"<p>Bu komut dosyas\u0131, \u00fcst d\u00fczey bir fintech g\u00f6r\u00fcn\u00fcm\u00fcne sahip, \u015f\u0131k ve modern bir finansal analiz mobil uygulama konsepti olu\u015fturur. Yat\u0131r\u0131m panolar\u0131n\u0131, ki\u015fisel finans uygulamalar\u0131n\u0131 ve mobil \u00f6ncelikli analiz \u00fcr\u00fcnlerini pazarlama ve \u00fcr\u00fcn tasar\u0131m materyallerinde sergilemek i\u00e7in idealdir.<\/p>","protected":false},"featured_media":26714,"comment_status":"open","ping_status":"closed","template":"","meta":[],"product_brand":[],"product_cat":[4094],"product_tag":[],"class_list":{"0":"post-26382","1":"product","2":"type-product","3":"status-publish","4":"has-post-thumbnail","6":"product_cat-business-marketing","8":"first","9":"instock","10":"downloadable","11":"virtual","12":"product-type-simple"},"bundled_by":[],"bundle_stock_status":"instock","bundle_stock_quantity":null,"bundle_virtual":false,"bundle_layout":"","bundle_add_to_cart_form_location":"","bundle_editable_in_cart":false,"bundle_sold_individually_context":"","bundle_item_grouping":"","bundle_min_size":"","bundle_max_size":"","bundle_price":[],"bundled_items":[],"bundle_sell_ids":[],"_links":{"self":[{"href":"https:\/\/logic-vault.com\/tr\/wp-json\/wp\/v2\/product\/26382","targetHints":{"allow":["GET"]}}],"collection":[{"href":"https:\/\/logic-vault.com\/tr\/wp-json\/wp\/v2\/product"}],"about":[{"href":"https:\/\/logic-vault.com\/tr\/wp-json\/wp\/v2\/types\/product"}],"replies":[{"embeddable":true,"href":"https:\/\/logic-vault.com\/tr\/wp-json\/wp\/v2\/comments?post=26382"}],"wp:featuredmedia":[{"embeddable":true,"href":"https:\/\/logic-vault.com\/tr\/wp-json\/wp\/v2\/media\/26714"}],"wp:attachment":[{"href":"https:\/\/logic-vault.com\/tr\/wp-json\/wp\/v2\/media?parent=26382"}],"wp:term":[{"taxonomy":"product_brand","embeddable":true,"href":"https:\/\/logic-vault.com\/tr\/wp-json\/wp\/v2\/product_brand?post=26382"},{"taxonomy":"product_cat","embeddable":true,"href":"https:\/\/logic-vault.com\/tr\/wp-json\/wp\/v2\/product_cat?post=26382"},{"taxonomy":"product_tag","embeddable":true,"href":"https:\/\/logic-vault.com\/tr\/wp-json\/wp\/v2\/product_tag?post=26382"}],"curies":[{"name":"wp","href":"https:\/\/api.w.org\/{rel}","templated":true}]}}