{"id":26373,"date":"2026-02-09T11:02:48","date_gmt":"2026-02-09T11:02:48","guid":{"rendered":"http:\/\/logic-vault.com\/?post_type=product&#038;p=26373"},"modified":"2026-04-10T09:37:50","modified_gmt":"2026-04-10T09:37:50","slug":"futuristic-ai-powered-city-skyline-at-sunset","status":"publish","type":"product","link":"https:\/\/logic-vault.com\/tr\/urun\/futuristic-ai-powered-city-skyline-at-sunset\/","title":{"rendered":"G\u00fcn bat\u0131m\u0131nda f\u00fct\u00fcristik, yapay zeka destekli \u015fehir sil\u00fceti."},"content":{"rendered":"<p><strong>G\u00fcn bat\u0131m\u0131nda f\u00fct\u00fcristik, yapay zeka destekli \u015fehir sil\u00fceti.<\/strong> Bu, g\u00fcn bat\u0131m\u0131nda sinematik, f\u00fct\u00fcristik bir \u015fehir sil\u00fceti olu\u015fturmak i\u00e7in tasarlanm\u0131\u015f, \u00fcst d\u00fczey bir g\u00f6rsel i\u00e7eriktir ve kentsel mimari i\u00e7inde geli\u015fmi\u015f yapay zeka entegrasyonunu vurgular. Daha sinematik, \u00fcst d\u00fczey ve ticari a\u00e7\u0131dan rafine bir his uyand\u0131ran g\u00f6rseller isteyen yarat\u0131c\u0131lar, kurucular, pazarlamac\u0131lar ve markalar i\u00e7in geli\u015ftirilmi\u015ftir.<\/p>\n<p>Konsept sanat \u00e7al\u0131\u015fmalar\u0131, bilim kurgu g\u00f6rselleri ve yapay zek\u00e2 destekli gelece\u011fin \u015fehirlerine dair iyimser vizyonlar\u0131 sergilemek i\u00e7in idealdir; ayn\u0131 zamanda modeli daha g\u00fc\u00e7l\u00fc kompozisyon, daha zengin detay, daha temiz ayd\u0131nlatma ve genel g\u00f6r\u00fcnt\u00fc istemlerinin tipik olarak sundu\u011fundan daha \u00fcst d\u00fczey bir nihai izlenime do\u011fru iter.<\/p>\n<ul>\n<li>Daha g\u00fc\u00e7l\u00fc atmosfer ve estetik kontrol ile \u00fcst d\u00fczey g\u00f6rsel y\u00f6netim.<\/li>\n<li>A\u00e7\u0131l\u0131\u015f sayfalar\u0131, kampanyalar, sunumlar ve marka varl\u0131klar\u0131 i\u00e7in daha rafine edilmi\u015f \u00e7\u0131kt\u0131lar.<\/li>\n<li>G\u00f6rsellerin bilin\u00e7li, modern ve \u00fcst d\u00fczey kalitede g\u00f6r\u00fcnmesini sa\u011flayan, incelikli bir y\u00f6nlendirme yap\u0131s\u0131.<\/li>\n<\/ul>\n<p>Daha pahal\u0131, daha \u00f6zg\u00fcn ve \u00fcst d\u00fczey bir dijital marka imaj\u0131yla daha uyumlu g\u00f6rsellere ihtiya\u00e7 duydu\u011funuzda kullan\u0131n.<\/p>","protected":false},"excerpt":{"rendered":"<p>Sinematik detaylar, incelikli kompozisyon ve \u015f\u0131k bir ticari g\u00f6r\u00fcn\u00fcmle kentsel mimariye geli\u015fmi\u015f yapay zeka entegrasyonunu vurgulayan, g\u00fcn bat\u0131m\u0131nda sinematik, f\u00fct\u00fcristik bir \u015fehir sil\u00fceti olu\u015fturmak i\u00e7in \u00fcst d\u00fczey yapay zeka g\u00f6r\u00fcnt\u00fc i\u015fleme arac\u0131.<\/p>","protected":false},"featured_media":26705,"comment_status":"open","ping_status":"closed","template":"","meta":[],"product_brand":[],"product_cat":[4125,4101],"product_tag":[],"class_list":{"0":"post-26373","1":"product","2":"type-product","3":"status-publish","4":"has-post-thumbnail","6":"product_cat-premium","7":"product_cat-productivity-automation","9":"first","10":"instock","11":"downloadable","12":"virtual","13":"product-type-simple"},"bundled_by":[],"bundle_stock_status":"instock","bundle_stock_quantity":null,"bundle_virtual":false,"bundle_layout":"","bundle_add_to_cart_form_location":"","bundle_editable_in_cart":false,"bundle_sold_individually_context":"","bundle_item_grouping":"","bundle_min_size":"","bundle_max_size":"","bundle_price":[],"bundled_items":[],"bundle_sell_ids":[],"_links":{"self":[{"href":"https:\/\/logic-vault.com\/tr\/wp-json\/wp\/v2\/product\/26373","targetHints":{"allow":["GET"]}}],"collection":[{"href":"https:\/\/logic-vault.com\/tr\/wp-json\/wp\/v2\/product"}],"about":[{"href":"https:\/\/logic-vault.com\/tr\/wp-json\/wp\/v2\/types\/product"}],"replies":[{"embeddable":true,"href":"https:\/\/logic-vault.com\/tr\/wp-json\/wp\/v2\/comments?post=26373"}],"wp:featuredmedia":[{"embeddable":true,"href":"https:\/\/logic-vault.com\/tr\/wp-json\/wp\/v2\/media\/26705"}],"wp:attachment":[{"href":"https:\/\/logic-vault.com\/tr\/wp-json\/wp\/v2\/media?parent=26373"}],"wp:term":[{"taxonomy":"product_brand","embeddable":true,"href":"https:\/\/logic-vault.com\/tr\/wp-json\/wp\/v2\/product_brand?post=26373"},{"taxonomy":"product_cat","embeddable":true,"href":"https:\/\/logic-vault.com\/tr\/wp-json\/wp\/v2\/product_cat?post=26373"},{"taxonomy":"product_tag","embeddable":true,"href":"https:\/\/logic-vault.com\/tr\/wp-json\/wp\/v2\/product_tag?post=26373"}],"curies":[{"name":"wp","href":"https:\/\/api.w.org\/{rel}","templated":true}]}}