{"id":26337,"date":"2026-02-09T11:02:43","date_gmt":"2026-02-09T11:02:43","guid":{"rendered":"http:\/\/logic-vault.com\/?post_type=product&#038;p=26337"},"modified":"2026-04-10T09:37:39","modified_gmt":"2026-04-10T09:37:39","slug":"ai-financial-statement-analysis-normalized-reporting-assistant","status":"publish","type":"product","link":"https:\/\/logic-vault.com\/tr\/urun\/ai-financial-statement-analysis-normalized-reporting-assistant\/","title":{"rendered":"Yapay Zeka Destekli Finansal Tablo Analizi ve Normalle\u015ftirilmi\u015f Raporlama Asistan\u0131"},"content":{"rendered":"<p><strong>Yapay Zeka Destekli Finansal Tablo Analizi ve Normalle\u015ftirilmi\u015f Raporlama Asistan\u0131<\/strong> Bu, ham finansal tablolar\u0131 standartla\u015ft\u0131r\u0131lm\u0131\u015f, kar\u015f\u0131la\u015ft\u0131r\u0131labilir analitik raporlara d\u00f6n\u00fc\u015ft\u00fcrmek i\u00e7in tasarlanm\u0131\u015f \u00fcst d\u00fczey bir yapay zeka komut istemidir. Modelin \u00e7\u0131kt\u0131lar\u0131n\u0131 daha net, daha iyi yap\u0131land\u0131r\u0131lm\u0131\u015f ve ilk taslaktan itibaren daha profesyonelce kullan\u0131labilir hale getirerek, genel bir iste\u011fin \u00f6tesine ge\u00e7er.<\/p>\n<p>\u00d6zellikle kurucular\u0131n, yat\u0131r\u0131mc\u0131lar\u0131n ve analistlerin h\u0131zl\u0131 bir \u015fekilde i\u00e7g\u00f6r\u00fcler elde etmelerine, finansal sa\u011fl\u0131\u011f\u0131 de\u011ferlendirmelerine ve d\u00f6nemler veya \u015firketler aras\u0131nda performans\u0131 kar\u015f\u0131la\u015ft\u0131rmalar\u0131na yard\u0131mc\u0131 olmak a\u00e7\u0131s\u0131ndan son derece de\u011ferlidir; bunu yaparken de daha \u015f\u0131k bir \u00fcslup, daha g\u00fc\u00e7l\u00fc bir i\u015f ba\u011flam\u0131 ve \u00fcst d\u00fczey i\u015f ak\u0131\u015flar\u0131na uygun, karar almaya daha haz\u0131r bir format sunar.<\/p>\n<ul>\n<li>Daha tutarl\u0131 ve y\u00fcksek sinyalli \u00e7\u0131kt\u0131lar i\u00e7in iyile\u015ftirilmi\u015f komut yap\u0131s\u0131.<\/li>\n<li>Daha net mant\u0131k, daha iyi \u00e7er\u00e7eveleme ve y\u00f6neticilere daha uygun formatlama.<\/li>\n<li>H\u0131z\u0131n \u00f6nemli oldu\u011fu ancak kalite ve sunumun da \u00fcst d\u00fczey hissettirmesi gerekti\u011fi durumlarda idealdir.<\/li>\n<\/ul>\n<p>Daha profesyonel, uygulanabilir ve y\u00fcksek de\u011ferli bir \u00fcr\u00fcn veya hizmet standard\u0131yla uyumlu yapay zeka taraf\u0131ndan \u00fcretilmi\u015f \u00e7al\u0131\u015fmalar istedi\u011finizde kullan\u0131n.<\/p>","protected":false},"excerpt":{"rendered":"<p>Ham finansal tablolar\u0131 standartla\u015ft\u0131r\u0131lm\u0131\u015f, kar\u015f\u0131la\u015ft\u0131r\u0131labilir analitik raporlara d\u00f6n\u00fc\u015ft\u00fcren, daha net bir yap\u0131ya, daha y\u00fcksek \u00e7\u0131kt\u0131 kalitesine ve profesyonel bir g\u00f6r\u00fcn\u00fcme sahip \u00fcst\u00fcn yapay zeka destekli bir ara\u00e7.<\/p>","protected":false},"featured_media":26678,"comment_status":"open","ping_status":"closed","template":"","meta":[],"product_brand":[],"product_cat":[4096,4125],"product_tag":[],"class_list":{"0":"post-26337","1":"product","2":"type-product","3":"status-publish","4":"has-post-thumbnail","6":"product_cat-customer-support-sales","7":"product_cat-premium","9":"first","10":"instock","11":"downloadable","12":"virtual","13":"product-type-simple"},"bundled_by":[],"bundle_stock_status":"instock","bundle_stock_quantity":null,"bundle_virtual":false,"bundle_layout":"","bundle_add_to_cart_form_location":"","bundle_editable_in_cart":false,"bundle_sold_individually_context":"","bundle_item_grouping":"","bundle_min_size":"","bundle_max_size":"","bundle_price":[],"bundled_items":[],"bundle_sell_ids":[],"_links":{"self":[{"href":"https:\/\/logic-vault.com\/tr\/wp-json\/wp\/v2\/product\/26337","targetHints":{"allow":["GET"]}}],"collection":[{"href":"https:\/\/logic-vault.com\/tr\/wp-json\/wp\/v2\/product"}],"about":[{"href":"https:\/\/logic-vault.com\/tr\/wp-json\/wp\/v2\/types\/product"}],"replies":[{"embeddable":true,"href":"https:\/\/logic-vault.com\/tr\/wp-json\/wp\/v2\/comments?post=26337"}],"wp:featuredmedia":[{"embeddable":true,"href":"https:\/\/logic-vault.com\/tr\/wp-json\/wp\/v2\/media\/26678"}],"wp:attachment":[{"href":"https:\/\/logic-vault.com\/tr\/wp-json\/wp\/v2\/media?parent=26337"}],"wp:term":[{"taxonomy":"product_brand","embeddable":true,"href":"https:\/\/logic-vault.com\/tr\/wp-json\/wp\/v2\/product_brand?post=26337"},{"taxonomy":"product_cat","embeddable":true,"href":"https:\/\/logic-vault.com\/tr\/wp-json\/wp\/v2\/product_cat?post=26337"},{"taxonomy":"product_tag","embeddable":true,"href":"https:\/\/logic-vault.com\/tr\/wp-json\/wp\/v2\/product_tag?post=26337"}],"curies":[{"name":"wp","href":"https:\/\/api.w.org\/{rel}","templated":true}]}}