{"id":26333,"date":"2026-02-09T11:02:42","date_gmt":"2026-02-09T11:02:42","guid":{"rendered":"http:\/\/logic-vault.com\/?post_type=product&#038;p=26333"},"modified":"2026-04-10T09:37:38","modified_gmt":"2026-04-10T09:37:38","slug":"ai-customer-service-priority-classification-bot","status":"publish","type":"product","link":"https:\/\/logic-vault.com\/tr\/urun\/ai-customer-service-priority-classification-bot\/","title":{"rendered":"Yapay Zeka M\u00fc\u015fteri Hizmetleri \u00d6ncelik S\u0131n\u0131fland\u0131rma Botu"},"content":{"rendered":"<p><strong>Yapay Zeka M\u00fc\u015fteri Hizmetleri \u00d6ncelik S\u0131n\u0131fland\u0131rma Botu<\/strong> Bu, kullan\u0131c\u0131 isteklerini otomatik olarak analiz eden ve \u00f6nceliklendiren yapay zeka destekli bir m\u00fc\u015fteri hizmetleri botu olu\u015fturmak i\u00e7in tasarlanm\u0131\u015f \u00fcst d\u00fczey bir yapay zeka komut istemidir. Modelin daha net, daha iyi yap\u0131land\u0131r\u0131lm\u0131\u015f ve ilk taslaktan itibaren daha profesyonelce kullan\u0131labilir \u00e7\u0131kt\u0131lar \u00fcretmesini sa\u011flayarak, genel bir iste\u011fin \u00f6tesine ge\u00e7er.<\/p>\n<p>\u00d6zellikle, acil sorunlar\u0131 ak\u0131ll\u0131ca y\u00f6nlendirerek yan\u0131t s\u00fcrelerini iyile\u015ftirmek ve d\u00fc\u015f\u00fck \u00f6ncelikli sorular\u0131 verimli bir \u015fekilde ele al\u0131rken, daha \u015f\u0131k bir \u00fcslup, daha g\u00fc\u00e7l\u00fc bir i\u015f ba\u011flam\u0131 ve \u00fcst d\u00fczey i\u015f ak\u0131\u015flar\u0131na uygun, karar almaya daha haz\u0131r bir format korumak isteyen destek ekipleri i\u00e7in son derece de\u011ferlidir.<\/p>\n<ul>\n<li>Daha tutarl\u0131 ve y\u00fcksek sinyalli \u00e7\u0131kt\u0131lar i\u00e7in iyile\u015ftirilmi\u015f komut yap\u0131s\u0131.<\/li>\n<li>Daha net mant\u0131k, daha iyi \u00e7er\u00e7eveleme ve y\u00f6neticilere daha uygun formatlama.<\/li>\n<li>H\u0131z\u0131n \u00f6nemli oldu\u011fu ancak kalite ve sunumun da \u00fcst d\u00fczey hissettirmesi gerekti\u011fi durumlarda idealdir.<\/li>\n<\/ul>\n<p>Daha profesyonel, uygulanabilir ve y\u00fcksek de\u011ferli bir \u00fcr\u00fcn veya hizmet standard\u0131yla uyumlu yapay zeka taraf\u0131ndan \u00fcretilmi\u015f \u00e7al\u0131\u015fmalar istedi\u011finizde kullan\u0131n.<\/p>","protected":false},"excerpt":{"rendered":"<p>Daha net bir yap\u0131ya, daha y\u00fcksek \u00e7\u0131kt\u0131 kalitesine ve daha profesyonel bir g\u00f6r\u00fcn\u00fcme sahip, kullan\u0131c\u0131 isteklerini otomatik olarak analiz eden ve \u00f6nceliklendiren yapay zeka destekli bir m\u00fc\u015fteri hizmetleri botu olu\u015fturmak i\u00e7in \u00fcst\u00fcn yapay zeka komut istemi.<\/p>","protected":false},"featured_media":26673,"comment_status":"open","ping_status":"closed","template":"","meta":[],"product_brand":[],"product_cat":[4091,4125],"product_tag":[],"class_list":{"0":"post-26333","1":"product","2":"type-product","3":"status-publish","4":"has-post-thumbnail","6":"product_cat-coding-development","7":"product_cat-premium","9":"first","10":"instock","11":"downloadable","12":"virtual","13":"product-type-simple"},"bundled_by":["27539"],"bundle_stock_status":"instock","bundle_stock_quantity":null,"bundle_virtual":false,"bundle_layout":"","bundle_add_to_cart_form_location":"","bundle_editable_in_cart":false,"bundle_sold_individually_context":"","bundle_item_grouping":"","bundle_min_size":"","bundle_max_size":"","bundle_price":[],"bundled_items":[],"bundle_sell_ids":[],"_links":{"self":[{"href":"https:\/\/logic-vault.com\/tr\/wp-json\/wp\/v2\/product\/26333","targetHints":{"allow":["GET"]}}],"collection":[{"href":"https:\/\/logic-vault.com\/tr\/wp-json\/wp\/v2\/product"}],"about":[{"href":"https:\/\/logic-vault.com\/tr\/wp-json\/wp\/v2\/types\/product"}],"replies":[{"embeddable":true,"href":"https:\/\/logic-vault.com\/tr\/wp-json\/wp\/v2\/comments?post=26333"}],"wp:featuredmedia":[{"embeddable":true,"href":"https:\/\/logic-vault.com\/tr\/wp-json\/wp\/v2\/media\/26673"}],"wp:attachment":[{"href":"https:\/\/logic-vault.com\/tr\/wp-json\/wp\/v2\/media?parent=26333"}],"wp:term":[{"taxonomy":"product_brand","embeddable":true,"href":"https:\/\/logic-vault.com\/tr\/wp-json\/wp\/v2\/product_brand?post=26333"},{"taxonomy":"product_cat","embeddable":true,"href":"https:\/\/logic-vault.com\/tr\/wp-json\/wp\/v2\/product_cat?post=26333"},{"taxonomy":"product_tag","embeddable":true,"href":"https:\/\/logic-vault.com\/tr\/wp-json\/wp\/v2\/product_tag?post=26333"}],"curies":[{"name":"wp","href":"https:\/\/api.w.org\/{rel}","templated":true}]}}