{"id":4986,"date":"2019-08-12T12:40:15","date_gmt":"2019-08-12T12:40:15","guid":{"rendered":"https:\/\/enefti.modeltheme.com\/?page_id=4986"},"modified":"2026-02-10T08:48:59","modified_gmt":"2026-02-10T08:48:59","slug":"about","status":"publish","type":"page","link":"https:\/\/logic-vault.com\/tr\/about\/","title":{"rendered":"Hakk\u0131nda"},"content":{"rendered":"<div data-elementor-type=\"wp-page\" data-elementor-id=\"4986\" class=\"elementor elementor-4986\" data-elementor-post-type=\"page\">\n\t\t\t\t<div class=\"elementor-element elementor-element-e0388bc e-con-full e-flex e-con e-parent\" data-id=\"e0388bc\" data-element_type=\"container\">\n\t\t<div class=\"elementor-element elementor-element-df10f3c e-con-full animated-slow e-flex elementor-invisible e-con e-child\" data-id=\"df10f3c\" data-element_type=\"container\" data-settings=\"{&quot;animation&quot;:&quot;fadeInLeft&quot;}\">\n\t\t\t\t<div class=\"elementor-element elementor-element-c5790c6 elementor-widget elementor-widget-heading\" data-id=\"c5790c6\" data-element_type=\"widget\" data-widget_type=\"heading.default\">\n\t\t\t\t\t<h2 class=\"elementor-heading-title elementor-size-default\">Biz sadece y\u00f6nlendirmeler sunmuyoruz.<\/h2>\t\t\t\t<\/div>\n\t\t\t\t<div class=\"elementor-element elementor-element-3eec487 elementor-widget elementor-widget-text-editor\" data-id=\"3eec487\" data-element_type=\"widget\" data-widget_type=\"text-editor.default\">\n\t\t\t\t\t\t\t\t\t<p data-start=\"86\" data-end=\"480\">Bo\u015f bir sayfa potansiyel bar\u0131nd\u0131r\u0131r. Do\u011fru kelimeler ise bu potansiyeli ortaya \u00e7\u0131kar\u0131r.<br data-start=\"142\" data-end=\"145\" \/>Platformumuz, harekete ge\u00e7meyi te\u015fvik etmek ve sonu\u00e7 do\u011furmak i\u00e7in tasarlanm\u0131\u015f, y\u00fcksek kaliteli ipu\u00e7lar\u0131ndan olu\u015fan \u00f6zenle se\u00e7ilmi\u015f bir kaynakt\u0131r.<br data-start=\"247\" data-end=\"250\" \/>\u0130ster yazma, fikir \u00fcretme veya verimlilik i\u00e7in g\u00fc\u00e7l\u00fc ilham kaynaklar\u0131 ar\u0131yor olun, do\u011fru yerdesiniz.<br data-start=\"369\" data-end=\"372\" \/>Biz, i\u015f bitirenler i\u00e7in \u00fcretiyoruz: yarat\u0131c\u0131lar, kurucular, pazarlamac\u0131lar.<br data-start=\"422\" data-end=\"425\" \/>Oturup neyin i\u015fe yarad\u0131\u011f\u0131n\u0131 d\u00fc\u015f\u00fcnmeye vakit ay\u0131ramayan insanlar.<\/p><p data-start=\"482\" data-end=\"723\">Sundu\u011fumuz her y\u00f6nlendirme, tek bir ama\u00e7 do\u011frultusunda test edilir, geli\u015ftirilir ve haz\u0131rlan\u0131r: ger\u00e7ek sonu\u00e7lar elde etmek.<br data-start=\"582\" data-end=\"585\" \/>Daha iyi giri\u015f y\u00f6ntemleri geli\u015ftirmekle kalmay\u0131p, size bir ad\u0131m \u00f6teye ge\u00e7me f\u0131rsat\u0131 sunmak i\u00e7in ilk kullan\u0131c\u0131lar, m\u00fchendisler ve s\u0131radan kullan\u0131c\u0131larla i\u015f birli\u011fi yapt\u0131k.<\/p><p data-start=\"725\" data-end=\"882\">Biz trendlerin pe\u015finde de\u011filiz. Biz ivme kazanman\u0131n pe\u015findeyiz.<br data-start=\"776\" data-end=\"779\" \/>\u00c7\u00fcnk\u00fc do\u011fru y\u00f6nlendirmeyle herkes daha h\u0131zl\u0131 ilerleyebilir, \u00f6zg\u00fcvenle yazabilir ve fikirlerini daha geni\u015f kitlelere ula\u015ft\u0131rabilir.<\/p><p data-start=\"884\" data-end=\"926\">Bu sadece bir kopyalama de\u011fil.<br data-start=\"905\" data-end=\"908\" \/>Bu sizin avantaj\u0131n\u0131z.<\/p>\t\t\t\t\t\t\t\t<\/div>\n\t\t\t\t<\/div>\n\t\t<div class=\"elementor-element elementor-element-4c25106 e-con-full animated-slow e-flex elementor-invisible e-con e-child\" data-id=\"4c25106\" data-element_type=\"container\" data-settings=\"{&quot;animation&quot;:&quot;fadeInRight&quot;}\">\n\t\t\t\t<div class=\"elementor-element elementor-element-f4648fe elementor-widget elementor-widget-image\" data-id=\"f4648fe\" data-element_type=\"widget\" data-widget_type=\"image.default\">\n\t\t\t\t\t\t\t\t\t\t\t\t\t\t\t<img fetchpriority=\"high\" decoding=\"async\" width=\"958\" height=\"539\" src=\"https:\/\/logic-vault.com\/wp-content\/uploads\/2026\/02\/960x0-1.jpg\" class=\"attachment-full size-full wp-image-25393\" alt=\"\" srcset=\"https:\/\/logic-vault.com\/wp-content\/uploads\/2026\/02\/960x0-1.jpg 958w, https:\/\/logic-vault.com\/wp-content\/uploads\/2026\/02\/960x0-1-300x169.jpg 300w, https:\/\/logic-vault.com\/wp-content\/uploads\/2026\/02\/960x0-1-768x432.jpg 768w, https:\/\/logic-vault.com\/wp-content\/uploads\/2026\/02\/960x0-1-600x338.jpg 600w\" sizes=\"(max-width: 958px) 100vw, 958px\" \/>\t\t\t\t\t\t\t\t\t\t\t\t\t\t\t<\/div>\n\t\t\t\t<\/div>\n\t\t\t\t<\/div>\n\t\t\t\t<\/div>","protected":false},"excerpt":{"rendered":"<p>We don\u2019t just offer prompts A blank page holds potential. The right words unlock it.Our platform is a curated source of high-quality prompts designed to inspire action and spark results.Whether you&#8217;re looking to discover powerful prompts for writing, ideation, or productivity \u2014 you&#8217;re in the right place.We build for doers: creators, founders, marketers.People who can\u2019t [&hellip;]<\/p>\n","protected":false},"author":1,"featured_media":0,"parent":0,"menu_order":0,"comment_status":"closed","ping_status":"closed","template":"","meta":{"footnotes":""},"class_list":["post-4986","page","type-page","status-publish","hentry"],"_links":{"self":[{"href":"https:\/\/logic-vault.com\/tr\/wp-json\/wp\/v2\/pages\/4986","targetHints":{"allow":["GET"]}}],"collection":[{"href":"https:\/\/logic-vault.com\/tr\/wp-json\/wp\/v2\/pages"}],"about":[{"href":"https:\/\/logic-vault.com\/tr\/wp-json\/wp\/v2\/types\/page"}],"author":[{"embeddable":true,"href":"https:\/\/logic-vault.com\/tr\/wp-json\/wp\/v2\/users\/1"}],"replies":[{"embeddable":true,"href":"https:\/\/logic-vault.com\/tr\/wp-json\/wp\/v2\/comments?post=4986"}],"version-history":[{"count":43,"href":"https:\/\/logic-vault.com\/tr\/wp-json\/wp\/v2\/pages\/4986\/revisions"}],"predecessor-version":[{"id":26614,"href":"https:\/\/logic-vault.com\/tr\/wp-json\/wp\/v2\/pages\/4986\/revisions\/26614"}],"wp:attachment":[{"href":"https:\/\/logic-vault.com\/tr\/wp-json\/wp\/v2\/media?parent=4986"}],"curies":[{"name":"wp","href":"https:\/\/api.w.org\/{rel}","templated":true}]}}