{"id":27556,"date":"2026-04-10T10:46:47","date_gmt":"2026-04-10T10:46:47","guid":{"rendered":"https:\/\/logic-vault.com\/?page_id=27556"},"modified":"2026-04-10T10:52:32","modified_gmt":"2026-04-10T10:52:32","slug":"bundles","status":"publish","type":"page","link":"https:\/\/logic-vault.com\/tr\/bundles\/","title":{"rendered":"Paketler"},"content":{"rendered":"<div data-elementor-type=\"wp-page\" data-elementor-id=\"27556\" class=\"elementor elementor-27556\" data-elementor-post-type=\"page\">\n\t\t\t\t<div class=\"elementor-element elementor-element-972fbeb e-con-full e-flex e-con e-parent\" data-id=\"972fbeb\" data-element_type=\"container\">\n\t\t\t\t<div class=\"elementor-element elementor-element-1073aa8 elementor-widget elementor-widget-heading\" data-id=\"1073aa8\" data-element_type=\"widget\" data-widget_type=\"heading.default\">\n\t\t\t\t\t<h1 class=\"elementor-heading-title elementor-size-default\">Yarat\u0131c\u0131lar ve Profesyoneller i\u00e7in Yapay Zeka Destekli Komut \u0130stemi Paketleri<\/h1>\t\t\t\t<\/div>\n\t\t\t\t<div class=\"elementor-element elementor-element-368387f elementor-widget elementor-widget-text-editor\" data-id=\"368387f\" data-element_type=\"widget\" data-widget_type=\"text-editor.default\">\n\t\t\t\t\t\t\t\t\t<p class=\"p1\">\u0130\u00e7erik \u00fcreticileri, pazarlamac\u0131lar, giri\u015fimciler ve profesyoneller i\u00e7in \u00f6zel olarak haz\u0131rlanm\u0131\u015f, birinci s\u0131n\u0131f yapay zeka destekli i\u00e7erik paketlerinden olu\u015fan se\u00e7kin bir koleksiyonu ke\u015ffedin.<\/p><p class=\"p1\">Her paket, i\u00e7erik olu\u015fturmadan i\u015f stratejisine, verimlilikten \u00f6\u011frenmeye kadar ger\u00e7ek d\u00fcnya g\u00f6revlerini \u00e7\u00f6zmek i\u00e7in tasarlanm\u0131\u015ft\u0131r. Deneme yan\u0131lma yoluyla zaman kaybetmek yerine, tutarl\u0131 ve y\u00fcksek kaliteli sonu\u00e7lar veren yap\u0131land\u0131r\u0131lm\u0131\u015f, y\u00fcksek performansl\u0131 komutlar al\u0131rs\u0131n\u0131z.<\/p><p class=\"p1\">Netlik, verimlilik ve ger\u00e7ek kullan\u0131m senaryolar\u0131 g\u00f6z \u00f6n\u00fcnde bulundurularak geli\u015ftirilen paketlerimiz, daha h\u0131zl\u0131 hareket etmenize, daha ak\u0131ll\u0131 d\u00fc\u015f\u00fcnmenize ve \u00fcretim kapasitenizi g\u00fcvenle art\u0131rman\u0131za yard\u0131mc\u0131 olur.<\/p>\t\t\t\t\t\t\t\t<\/div>\n\t\t\t\t<div class=\"elementor-element elementor-element-d6514d1 elementor-grid-4 elementor-grid-tablet-3 elementor-grid-mobile-2 elementor-products-grid elementor-wc-products elementor-widget elementor-widget-woocommerce-products\" data-id=\"d6514d1\" data-element_type=\"widget\" data-widget_type=\"woocommerce-products.default\">\n\t\t\t\t<div class=\"elementor-widget-container\">\n\t\t\t\t\t<div class=\"woocommerce columns-4\"><ul class=\"products elementor-grid columns-4\">\n<li class=\"first post-27543 product type-product status-publish has-post-thumbnail product_cat-bundle instock virtual product-type-bundle\">\n\t<div class=\"products-wrapper\">\n\t\n\t\n\n\t\t<div class=\"thumbnail-and-details\"><div class=\"overlay-container\"><div class=\"hover-container\"><div class=\"component add-to-cart\"><a href=\"https:\/\/logic-vault.com\/tr\/urun\/content-writing-mastery-bundle\/\" data-quantity=\"1\" data-tooltip=\"Devam\u0131n\u0131 oku\" class=\"button product_type_bundle\" data-product_id=\"27543\" data-product_sku=\"\" aria-label=\"\u201cContent Writing Mastery Bundle\u201d hakk\u0131nda daha fazla bilgi edinin\" rel=\"nofollow\" data-no-translation-data-tooltip=\"\" data-no-translation-aria-label=\"\"><i class=\"fa fa-shopping-basket\"><\/i>Devam\u0131n\u0131 oku<\/a><\/div><\/div><\/div><a class=\"woo_catalog_media_images\" title=\"\u0130\u00e7erik Yazarl\u0131\u011f\u0131 Uzmanl\u0131k Paketi\" href=\"https:\/\/logic-vault.com\/tr\/urun\/content-writing-mastery-bundle\/\"><img fetchpriority=\"high\" decoding=\"async\" width=\"300\" height=\"300\" src=\"https:\/\/logic-vault.com\/wp-content\/uploads\/2026\/04\/image1-300x300.png\" class=\"attachment-woocommerce_thumbnail size-woocommerce_thumbnail\" alt=\"Content Writing Mastery Bundle\" srcset=\"https:\/\/logic-vault.com\/wp-content\/uploads\/2026\/04\/image1-300x300.png 300w, https:\/\/logic-vault.com\/wp-content\/uploads\/2026\/04\/image1-150x150.png 150w, https:\/\/logic-vault.com\/wp-content\/uploads\/2026\/04\/image1-768x768.png 768w, https:\/\/logic-vault.com\/wp-content\/uploads\/2026\/04\/image1-12x12.png 12w, https:\/\/logic-vault.com\/wp-content\/uploads\/2026\/04\/image1-400x400.png 400w, https:\/\/logic-vault.com\/wp-content\/uploads\/2026\/04\/image1-600x600.png 600w, https:\/\/logic-vault.com\/wp-content\/uploads\/2026\/04\/image1-200x200.png 200w, https:\/\/logic-vault.com\/wp-content\/uploads\/2026\/04\/image1.png 1024w\" sizes=\"(max-width: 300px) 100vw, 300px\" \/><\/a><\/div>\n\t\t\t<div class=\"woocommerce-title-metas\">\n\t\t\t\t<div class=\"title-wishlist-wrapper\">\n\t\t\t\t\t\t                        <div class=\"woopt-aimodel-badge\">\n\t\t\t\t\t\t\t\t\t                        \tPaket\t                        <\/div>\n\t\t\t\t\t<h3 class=\"archive-product-title\">\n\t\t\t\t\t\t<a href=\"https:\/\/logic-vault.com\/tr\/urun\/content-writing-mastery-bundle\/\">\n\t\t\t\t\t\t\t\u0130\u00e7erik Yazarl\u0131\u011f\u0131 Uzmanl\u0131k Paketi\t\t\t\t\t\t<\/a>\n\t\t\t\t\t<\/h3>\n\t\t        <\/div>\n\n\t\t\t<div class=\"details-container\"><div class=\"details-price-container details-item\"><div class=\"details-price-wrapper\">\n<\/div><\/div><\/div><div class=\"bottom-components-list\"><div class=\"component add-to-cart\"><a href=\"https:\/\/logic-vault.com\/tr\/urun\/content-writing-mastery-bundle\/\" data-quantity=\"1\" data-tooltip=\"Devam\u0131n\u0131 oku\" class=\"button product_type_bundle\" data-product_id=\"27543\" data-product_sku=\"\" aria-label=\"\u201cContent Writing Mastery Bundle\u201d hakk\u0131nda daha fazla bilgi edinin\" rel=\"nofollow\" data-no-translation-data-tooltip=\"\" data-no-translation-aria-label=\"\"><i class=\"fa fa-shopping-basket\"><\/i>Devam\u0131n\u0131 oku<\/a><\/div><\/div>\t\t<\/div>\n\t<\/div>\n<\/li><li class=\"first post-27549 product type-product status-publish has-post-thumbnail product_cat-bundle instock virtual product-type-bundle\">\n\t<div class=\"products-wrapper\">\n\t\n\t\n\n\t\t<div class=\"thumbnail-and-details\"><div class=\"overlay-container\"><div class=\"hover-container\"><div class=\"component add-to-cart\"><a href=\"https:\/\/logic-vault.com\/tr\/urun\/business-marketing-strategy-bundle\/\" data-quantity=\"1\" data-tooltip=\"Devam\u0131n\u0131 oku\" class=\"button product_type_bundle\" data-product_id=\"27549\" data-product_sku=\"\" aria-label=\"\u201cBusiness &amp; Marketing Strategy Bundle\u201d hakk\u0131nda daha fazla bilgi edinin\" rel=\"nofollow\" data-no-translation-data-tooltip=\"\" data-no-translation-aria-label=\"\"><i class=\"fa fa-shopping-basket\"><\/i>Devam\u0131n\u0131 oku<\/a><\/div><\/div><\/div><a class=\"woo_catalog_media_images\" title=\"\u0130\u015fletme ve Pazarlama Stratejisi Paketi\" href=\"https:\/\/logic-vault.com\/tr\/urun\/business-marketing-strategy-bundle\/\"><img decoding=\"async\" width=\"300\" height=\"300\" src=\"https:\/\/logic-vault.com\/wp-content\/uploads\/2026\/04\/image-1-300x300.png\" class=\"attachment-woocommerce_thumbnail size-woocommerce_thumbnail\" alt=\"Business &amp; Marketing Strategy Bundle\" srcset=\"https:\/\/logic-vault.com\/wp-content\/uploads\/2026\/04\/image-1-300x300.png 300w, https:\/\/logic-vault.com\/wp-content\/uploads\/2026\/04\/image-1-150x150.png 150w, https:\/\/logic-vault.com\/wp-content\/uploads\/2026\/04\/image-1-768x768.png 768w, https:\/\/logic-vault.com\/wp-content\/uploads\/2026\/04\/image-1-12x12.png 12w, https:\/\/logic-vault.com\/wp-content\/uploads\/2026\/04\/image-1-400x400.png 400w, https:\/\/logic-vault.com\/wp-content\/uploads\/2026\/04\/image-1-600x600.png 600w, https:\/\/logic-vault.com\/wp-content\/uploads\/2026\/04\/image-1-200x200.png 200w, https:\/\/logic-vault.com\/wp-content\/uploads\/2026\/04\/image-1.png 1024w\" sizes=\"(max-width: 300px) 100vw, 300px\" \/><\/a><\/div>\n\t\t\t<div class=\"woocommerce-title-metas\">\n\t\t\t\t<div class=\"title-wishlist-wrapper\">\n\t\t\t\t\t\t                        <div class=\"woopt-aimodel-badge\">\n\t\t\t\t\t\t\t\t\t                        \tPaket\t                        <\/div>\n\t\t\t\t\t<h3 class=\"archive-product-title\">\n\t\t\t\t\t\t<a href=\"https:\/\/logic-vault.com\/tr\/urun\/business-marketing-strategy-bundle\/\">\n\t\t\t\t\t\t\t\u0130\u015fletme ve Pazarlama Stratejisi Paketi\t\t\t\t\t\t<\/a>\n\t\t\t\t\t<\/h3>\n\t\t        <\/div>\n\n\t\t\t<div class=\"details-container\"><div class=\"details-price-container details-item\"><div class=\"details-price-wrapper\">\n<\/div><\/div><\/div><div class=\"bottom-components-list\"><div class=\"component add-to-cart\"><a href=\"https:\/\/logic-vault.com\/tr\/urun\/business-marketing-strategy-bundle\/\" data-quantity=\"1\" data-tooltip=\"Devam\u0131n\u0131 oku\" class=\"button product_type_bundle\" data-product_id=\"27549\" data-product_sku=\"\" aria-label=\"\u201cBusiness &amp; Marketing Strategy Bundle\u201d hakk\u0131nda daha fazla bilgi edinin\" rel=\"nofollow\" data-no-translation-data-tooltip=\"\" data-no-translation-aria-label=\"\"><i class=\"fa fa-shopping-basket\"><\/i>Devam\u0131n\u0131 oku<\/a><\/div><\/div>\t\t<\/div>\n\t<\/div>\n<\/li><li class=\"first post-27552 product type-product status-publish has-post-thumbnail product_cat-bundle instock virtual product-type-bundle\">\n\t<div class=\"products-wrapper\">\n\t\n\t\n\n\t\t<div class=\"thumbnail-and-details\"><div class=\"overlay-container\"><div class=\"hover-container\"><div class=\"component add-to-cart\"><a href=\"https:\/\/logic-vault.com\/tr\/urun\/productivity-automation-bundle\/\" data-quantity=\"1\" data-tooltip=\"Devam\u0131n\u0131 oku\" class=\"button product_type_bundle\" data-product_id=\"27552\" data-product_sku=\"\" aria-label=\"\u201cProductivity &amp; Automation Bundle\u201d hakk\u0131nda daha fazla bilgi edinin\" rel=\"nofollow\" data-no-translation-data-tooltip=\"\" data-no-translation-aria-label=\"\"><i class=\"fa fa-shopping-basket\"><\/i>Devam\u0131n\u0131 oku<\/a><\/div><\/div><\/div><a class=\"woo_catalog_media_images\" title=\"Verimlilik ve Otomasyon Paketi\" href=\"https:\/\/logic-vault.com\/tr\/urun\/productivity-automation-bundle\/\"><img decoding=\"async\" width=\"300\" height=\"300\" src=\"https:\/\/logic-vault.com\/wp-content\/uploads\/2026\/04\/image2-300x300.png\" class=\"attachment-woocommerce_thumbnail size-woocommerce_thumbnail\" alt=\"Productivity &amp; Automation Bundle\" srcset=\"https:\/\/logic-vault.com\/wp-content\/uploads\/2026\/04\/image2-300x300.png 300w, https:\/\/logic-vault.com\/wp-content\/uploads\/2026\/04\/image2-150x150.png 150w, https:\/\/logic-vault.com\/wp-content\/uploads\/2026\/04\/image2-768x768.png 768w, https:\/\/logic-vault.com\/wp-content\/uploads\/2026\/04\/image2-12x12.png 12w, https:\/\/logic-vault.com\/wp-content\/uploads\/2026\/04\/image2-400x400.png 400w, https:\/\/logic-vault.com\/wp-content\/uploads\/2026\/04\/image2-600x600.png 600w, https:\/\/logic-vault.com\/wp-content\/uploads\/2026\/04\/image2-200x200.png 200w, https:\/\/logic-vault.com\/wp-content\/uploads\/2026\/04\/image2.png 1024w\" sizes=\"(max-width: 300px) 100vw, 300px\" \/><\/a><\/div>\n\t\t\t<div class=\"woocommerce-title-metas\">\n\t\t\t\t<div class=\"title-wishlist-wrapper\">\n\t\t\t\t\t\t                        <div class=\"woopt-aimodel-badge\">\n\t\t\t\t\t\t\t\t\t                        \tPaket\t                        <\/div>\n\t\t\t\t\t<h3 class=\"archive-product-title\">\n\t\t\t\t\t\t<a href=\"https:\/\/logic-vault.com\/tr\/urun\/productivity-automation-bundle\/\">\n\t\t\t\t\t\t\tVerimlilik ve Otomasyon Paketi\t\t\t\t\t\t<\/a>\n\t\t\t\t\t<\/h3>\n\t\t        <\/div>\n\n\t\t\t<div class=\"details-container\"><div class=\"details-price-container details-item\"><div class=\"details-price-wrapper\">\n<\/div><\/div><\/div><div class=\"bottom-components-list\"><div class=\"component add-to-cart\"><a href=\"https:\/\/logic-vault.com\/tr\/urun\/productivity-automation-bundle\/\" data-quantity=\"1\" data-tooltip=\"Devam\u0131n\u0131 oku\" class=\"button product_type_bundle\" data-product_id=\"27552\" data-product_sku=\"\" aria-label=\"\u201cProductivity &amp; Automation Bundle\u201d hakk\u0131nda daha fazla bilgi edinin\" rel=\"nofollow\" data-no-translation-data-tooltip=\"\" data-no-translation-aria-label=\"\"><i class=\"fa fa-shopping-basket\"><\/i>Devam\u0131n\u0131 oku<\/a><\/div><\/div>\t\t<\/div>\n\t<\/div>\n<\/li><li class=\"first post-27554 product type-product status-publish has-post-thumbnail product_cat-bundle instock virtual product-type-bundle\">\n\t<div class=\"products-wrapper\">\n\t\n\t\n\n\t\t<div class=\"thumbnail-and-details\"><div class=\"overlay-container\"><div class=\"hover-container\"><div class=\"component add-to-cart\"><a href=\"https:\/\/logic-vault.com\/tr\/urun\/education-learning-mastery-bundle\/\" data-quantity=\"1\" data-tooltip=\"Devam\u0131n\u0131 oku\" class=\"button product_type_bundle\" data-product_id=\"27554\" data-product_sku=\"\" aria-label=\"\u201cEducation &amp; Learning Mastery Bundle\u201d hakk\u0131nda daha fazla bilgi edinin\" rel=\"nofollow\" data-no-translation-data-tooltip=\"\" data-no-translation-aria-label=\"\"><i class=\"fa fa-shopping-basket\"><\/i>Devam\u0131n\u0131 oku<\/a><\/div><\/div><\/div><a class=\"woo_catalog_media_images\" title=\"E\u011fitim ve \u00d6\u011frenme Ustal\u0131\u011f\u0131 Paketi\" href=\"https:\/\/logic-vault.com\/tr\/urun\/education-learning-mastery-bundle\/\"><img loading=\"lazy\" decoding=\"async\" width=\"300\" height=\"300\" src=\"https:\/\/logic-vault.com\/wp-content\/uploads\/2026\/04\/image5-300x300.png\" class=\"attachment-woocommerce_thumbnail size-woocommerce_thumbnail\" alt=\"Education &amp; Learning Mastery Bundle\" srcset=\"https:\/\/logic-vault.com\/wp-content\/uploads\/2026\/04\/image5-300x300.png 300w, https:\/\/logic-vault.com\/wp-content\/uploads\/2026\/04\/image5-150x150.png 150w, https:\/\/logic-vault.com\/wp-content\/uploads\/2026\/04\/image5-768x768.png 768w, https:\/\/logic-vault.com\/wp-content\/uploads\/2026\/04\/image5-12x12.png 12w, https:\/\/logic-vault.com\/wp-content\/uploads\/2026\/04\/image5-400x400.png 400w, https:\/\/logic-vault.com\/wp-content\/uploads\/2026\/04\/image5-600x600.png 600w, https:\/\/logic-vault.com\/wp-content\/uploads\/2026\/04\/image5-200x200.png 200w, https:\/\/logic-vault.com\/wp-content\/uploads\/2026\/04\/image5.png 1024w\" sizes=\"(max-width: 300px) 100vw, 300px\" \/><\/a><\/div>\n\t\t\t<div class=\"woocommerce-title-metas\">\n\t\t\t\t<div class=\"title-wishlist-wrapper\">\n\t\t\t\t\t\t                        <div class=\"woopt-aimodel-badge\">\n\t\t\t\t\t\t\t\t\t                        \tPaket\t                        <\/div>\n\t\t\t\t\t<h3 class=\"archive-product-title\">\n\t\t\t\t\t\t<a href=\"https:\/\/logic-vault.com\/tr\/urun\/education-learning-mastery-bundle\/\">\n\t\t\t\t\t\t\tE\u011fitim ve \u00d6\u011frenme Ustal\u0131\u011f\u0131 Paketi\t\t\t\t\t\t<\/a>\n\t\t\t\t\t<\/h3>\n\t\t        <\/div>\n\n\t\t\t<div class=\"details-container\"><div class=\"details-price-container details-item\"><div class=\"details-price-wrapper\">\n<\/div><\/div><\/div><div class=\"bottom-components-list\"><div class=\"component add-to-cart\"><a href=\"https:\/\/logic-vault.com\/tr\/urun\/education-learning-mastery-bundle\/\" data-quantity=\"1\" data-tooltip=\"Devam\u0131n\u0131 oku\" class=\"button product_type_bundle\" data-product_id=\"27554\" data-product_sku=\"\" aria-label=\"\u201cEducation &amp; Learning Mastery Bundle\u201d hakk\u0131nda daha fazla bilgi edinin\" rel=\"nofollow\" data-no-translation-data-tooltip=\"\" data-no-translation-aria-label=\"\"><i class=\"fa fa-shopping-basket\"><\/i>Devam\u0131n\u0131 oku<\/a><\/div><\/div>\t\t<\/div>\n\t<\/div>\n<\/li><\/ul>\n<\/div>\t\t\t\t<\/div>\n\t\t\t\t<\/div>\n\t\t\t\t<\/div>\n\t\t\t\t<\/div>","protected":false},"excerpt":{"rendered":"<p>AI Prompt Bundles for Creators &amp; Professionals Discover a curated collection of premium AI prompt bundles crafted for creators, marketers, entrepreneurs, and professionals. Each bundle is designed to solve real-world tasks \u2014 from content creation and business strategy to productivity and learning. Instead of wasting time experimenting, you get structured, high-performance prompts that deliver consistent, [&hellip;]<\/p>\n","protected":false},"author":1,"featured_media":0,"parent":0,"menu_order":0,"comment_status":"closed","ping_status":"closed","template":"","meta":{"footnotes":""},"class_list":["post-27556","page","type-page","status-publish","hentry"],"_links":{"self":[{"href":"https:\/\/logic-vault.com\/tr\/wp-json\/wp\/v2\/pages\/27556","targetHints":{"allow":["GET"]}}],"collection":[{"href":"https:\/\/logic-vault.com\/tr\/wp-json\/wp\/v2\/pages"}],"about":[{"href":"https:\/\/logic-vault.com\/tr\/wp-json\/wp\/v2\/types\/page"}],"author":[{"embeddable":true,"href":"https:\/\/logic-vault.com\/tr\/wp-json\/wp\/v2\/users\/1"}],"replies":[{"embeddable":true,"href":"https:\/\/logic-vault.com\/tr\/wp-json\/wp\/v2\/comments?post=27556"}],"version-history":[{"count":4,"href":"https:\/\/logic-vault.com\/tr\/wp-json\/wp\/v2\/pages\/27556\/revisions"}],"predecessor-version":[{"id":27560,"href":"https:\/\/logic-vault.com\/tr\/wp-json\/wp\/v2\/pages\/27556\/revisions\/27560"}],"wp:attachment":[{"href":"https:\/\/logic-vault.com\/tr\/wp-json\/wp\/v2\/media?parent=27556"}],"curies":[{"name":"wp","href":"https:\/\/api.w.org\/{rel}","templated":true}]}}