{"id":27361,"date":"2026-02-19T10:26:18","date_gmt":"2026-02-19T10:26:18","guid":{"rendered":"https:\/\/logic-vault.com\/?page_id=27361"},"modified":"2026-02-19T10:26:20","modified_gmt":"2026-02-19T10:26:20","slug":"digital-delivery-terms","status":"publish","type":"page","link":"https:\/\/logic-vault.com\/tr\/digital-delivery-terms\/","title":{"rendered":"Dijital Teslimat \u015eartlar\u0131"},"content":{"rendered":"<p>Bu web sitesi yaln\u0131zca dijital \u00fcr\u00fcnler sunmaktad\u0131r. Fiziksel \u00fcr\u00fcn sat\u0131\u015f\u0131 veya g\u00f6nderimi yapm\u0131yoruz.<\/p>\n\n\n\n<p>Dijital teslimat, m\u00fc\u015fterilere sat\u0131n ald\u0131klar\u0131 i\u00e7eri\u011fe \u00e7evrimi\u00e7i eri\u015fim sa\u011flamak anlam\u0131na gelir. \u00d6deme onay\u0131n\u0131n ard\u0131ndan, eri\u015fim ya m\u00fc\u015fterinin hesab\u0131 \u00fczerinden ya da indirme veya eri\u015fim talimatlar\u0131n\u0131 i\u00e7eren bir e-posta yoluyla an\u0131nda sa\u011flan\u0131r.<\/p>\n\n\n\n<p>T\u00fcm \u00fcr\u00fcnler internet \u00fczerinden elektronik olarak teslim edilir. Alternatif teslimat y\u00f6ntemi bulunmamaktad\u0131r.<\/p>\n\n\n\n<p>\u00d6demeyi yapt\u0131ktan sonra 24 saat i\u00e7inde dijital sat\u0131n al\u0131m\u0131n\u0131za eri\u015fim sa\u011flayamazsan\u0131z, l\u00fctfen yard\u0131m i\u00e7in destek ekibimizle ileti\u015fime ge\u00e7in.<\/p>\n\n\n\n<p>E-posta: info@logic-vault.com<\/p>","protected":false},"excerpt":{"rendered":"<p>This website supplies digital goods exclusively. We do not offer or dispatch any physical merchandise. Digital delivery means providing customers with online access to purchased content. After payment confirmation, access is made available immediately either through the customer\u2019s account or via email containing download or access instructions. All products are delivered electronically over the internet. [&hellip;]<\/p>\n","protected":false},"author":1,"featured_media":0,"parent":0,"menu_order":0,"comment_status":"closed","ping_status":"closed","template":"","meta":{"footnotes":""},"class_list":["post-27361","page","type-page","status-publish","hentry"],"_links":{"self":[{"href":"https:\/\/logic-vault.com\/tr\/wp-json\/wp\/v2\/pages\/27361","targetHints":{"allow":["GET"]}}],"collection":[{"href":"https:\/\/logic-vault.com\/tr\/wp-json\/wp\/v2\/pages"}],"about":[{"href":"https:\/\/logic-vault.com\/tr\/wp-json\/wp\/v2\/types\/page"}],"author":[{"embeddable":true,"href":"https:\/\/logic-vault.com\/tr\/wp-json\/wp\/v2\/users\/1"}],"replies":[{"embeddable":true,"href":"https:\/\/logic-vault.com\/tr\/wp-json\/wp\/v2\/comments?post=27361"}],"version-history":[{"count":1,"href":"https:\/\/logic-vault.com\/tr\/wp-json\/wp\/v2\/pages\/27361\/revisions"}],"predecessor-version":[{"id":27362,"href":"https:\/\/logic-vault.com\/tr\/wp-json\/wp\/v2\/pages\/27361\/revisions\/27362"}],"wp:attachment":[{"href":"https:\/\/logic-vault.com\/tr\/wp-json\/wp\/v2\/media?parent=27361"}],"curies":[{"name":"wp","href":"https:\/\/api.w.org\/{rel}","templated":true}]}}