{"id":21483,"date":"2025-12-04T14:39:27","date_gmt":"2025-12-04T14:39:27","guid":{"rendered":"http:\/\/logic-vault.com\/?page_id=21483"},"modified":"2026-02-18T13:23:14","modified_gmt":"2026-02-18T13:23:14","slug":"cookie-policy","status":"publish","type":"page","link":"https:\/\/logic-vault.com\/tr\/cookie-policy\/","title":{"rendered":"\u00c7erez Politikas\u0131"},"content":{"rendered":"<p>S&amp;K ORTAKLAR GRUBU LTD<\/p>\n\n\n\n<p>S\u00fcr\u00fcm 1.0 \u2013 21 Haziran 2025&#039;ten itibaren ge\u00e7erli<\/p>\n\n\n\n<h2 class=\"wp-block-heading\">1. G\u0130R\u0130\u015e<\/h2>\n\n\n\n<p>Bu \u00c7erez Politikas\u0131, nas\u0131l kullan\u0131laca\u011f\u0131n\u0131 a\u00e7\u0131klamaktad\u0131r. <strong>Mant\u0131k Kasas\u0131<\/strong> (taraf\u0131ndan i\u015fletilmektedir) <strong>S&amp;K ORTAKLAR GRUBU LTD<\/strong>, &quot;Biz&quot;, &quot;bize&quot;, &quot;bizim&quot; ifadeleriyle an\u0131lan Logic Vault, https:\/\/logic-vault.com alan ad\u0131nda (&quot;Web Sitesi&quot; veya &quot;Platform&quot;) \u00e7erezler ve benzer teknolojiler kullanmaktad\u0131r. Bu metin, Gizlilik Politikam\u0131z ve Kullan\u0131m \u015eartlar\u0131m\u0131zla birlikte okunmal\u0131d\u0131r.<\/p>\n\n\n\n<p>Birle\u015fik Krall\u0131k Gizlilik ve Elektronik \u0130leti\u015fim Y\u00f6netmelikleri (PECR) ve AB eGizlilik Direktifi uyar\u0131nca, cihaz\u0131n\u0131za yerle\u015ftirdi\u011fimiz zorunlu olmayan \u00e7erezler i\u00e7in onay\u0131n\u0131z\u0131 almal\u0131 ve bunlar\u0131n amac\u0131 hakk\u0131nda size a\u00e7\u0131k ve kapsaml\u0131 bilgi vermeliyiz.<\/p>\n\n\n\n<h2 class=\"wp-block-heading\">2. \u00c7EREZLER NED\u0130R?<\/h2>\n\n\n\n<p>\u00c7erezler, bir web sitesini ziyaret etti\u011finizde taray\u0131c\u0131n\u0131za veya cihaz\u0131n\u0131za indirilen k\u00fc\u00e7\u00fck metin dosyalar\u0131d\u0131r. Web sitesinin cihaz\u0131n\u0131z\u0131 tan\u0131mas\u0131n\u0131 ve tercihleriniz veya ge\u00e7mi\u015f eylemleriniz hakk\u0131nda baz\u0131 bilgileri saklamas\u0131n\u0131 sa\u011flarlar. Ayr\u0131ca \u00e7erezleri de kullan\u0131yoruz. <strong>yerel depolama<\/strong>, <strong>web i\u015faret\u00e7ileri<\/strong>, Ve <strong>pikseller<\/strong>\u2014bu Politikada topluca &quot;\u00e7erezler&quot; olarak an\u0131lmaktad\u0131r.<\/p>\n\n\n\n<h2 class=\"wp-block-heading\">3. PLATFORMUMUZDA \u00c7EREZLER\u0130 K\u0130M YERLE\u015eT\u0130R\u0130YOR?<\/h2>\n\n\n\n<ul class=\"wp-block-list\">\n<li><strong>Birinci taraf \u00e7erezleri<\/strong> \u2013 Logic-Vault taraf\u0131ndan do\u011frudan ayarlan\u0131r.<\/li>\n\n\n\n<li><strong>\u00dc\u00e7\u00fcnc\u00fc taraf \u00e7erezleri<\/strong> \u2013 analiz, pazarlama ve \u00f6deme hizmeti sa\u011flay\u0131c\u0131lar\u0131 (\u00f6rne\u011fin Google, Stripe, Meta) taraf\u0131ndan belirlenir.<\/li>\n<\/ul>\n\n\n\n<p>Bir kurabiye bir <strong>\u201c&quot;oturum&quot;\u201d<\/strong> \u00e7erez (taray\u0131c\u0131y\u0131 kapatt\u0131\u011f\u0131n\u0131zda s\u00fcresi dolar) veya bir <strong>\u201c&quot;kal\u0131c\u0131&quot;\u201d<\/strong> \u00c7erez (silinmedi\u011fi s\u00fcrece belirli bir s\u00fcre boyunca kal\u0131r).<\/p>\n\n\n\n<h2 class=\"wp-block-heading\">4. KULLANDI\u011eIMIZ \u00c7EREZLER VE NEDENLER\u0130<\/h2>\n\n\n\n<p>A\u015fa\u011f\u0131da kulland\u0131\u011f\u0131m\u0131z \u00e7erez kategorilerinin bir \u00f6zeti yer almaktad\u0131r. Platformu geli\u015ftirdik\u00e7e ger\u00e7ek liste de\u011fi\u015febilir; <strong>Onay Y\u00f6netim Platformu (CMP)<\/strong> Her zaman mevcut stok durumunu g\u00f6sterir.<\/p>\n\n\n\n<figure class=\"wp-block-table\"><table class=\"has-fixed-layout\"><tbody><tr><td><strong>Kategori<\/strong><\/td><td><strong>\u00d6rnek \u00c7erez<\/strong><\/td><td><strong>Sa\u011flay\u0131c\u0131<\/strong><\/td><td><strong>Ama\u00e7<\/strong><\/td><td><strong>S\u00fcre<\/strong><\/td><\/tr><tr><td><strong>Kesinlikle Gerekli<\/strong> (Kapat\u0131lamaz)<\/td><td>lv_oturum<\/td><td>Mant\u0131k Kasas\u0131<\/td><td>Oturum a\u00e7\u0131k kalma durumunu ve \u00f6deme i\u015fleminin b\u00fct\u00fcnl\u00fc\u011f\u00fcn\u00fc korur.<\/td><td>Oturum<\/td><\/tr><tr><td><\/td><td>__\u015ferit_orta<\/td><td>\u015eerit<\/td><td>Doland\u0131r\u0131c\u0131l\u0131\u011f\u0131n \u00f6nlenmesi ve g\u00fcvenli \u00f6deme i\u015flemleri.<\/td><td>1 y\u0131l<\/td><\/tr><tr><td><strong>Performans \/ Analiz<\/strong><\/td><td>_ga, _gid<\/td><td>Google Analytics<\/td><td>Platform performans\u0131n\u0131 iyile\u015ftirmek i\u00e7in anonimle\u015ftirilmi\u015f ziyaret istatistikleri ve trafik kaynaklar\u0131n\u0131 toplar.<\/td><td>1 y\u0131l \/ 24 saat<\/td><\/tr><tr><td><strong>\u0130\u015flevsellik<\/strong><\/td><td>interkom-kimli\u011fi-*<\/td><td>\u0130nterkom<\/td><td>Oturumlar aras\u0131nda canl\u0131 sohbetin devaml\u0131l\u0131\u011f\u0131n\u0131 sa\u011flamak i\u00e7in kullan\u0131c\u0131 kimli\u011fini saklar.<\/td><td>9 ay<\/td><\/tr><tr><td><strong>Hedefleme \/ Reklam<\/strong><\/td><td>_fbp<\/td><td>Meta (Facebook)<\/td><td>Meta hizmetleri genelinde reklam veya yeniden hedefleme sunar.<\/td><td>3 ay<\/td><\/tr><\/tbody><\/table><\/figure>\n\n\n\n<p><strong><em>Not<\/em><\/strong>Logic-Vault&#039;taki sat\u0131c\u0131lar\u0131n, \u00f6nceden yaz\u0131l\u0131 onay al\u0131nmadan kendi izleme komut dosyalar\u0131n\u0131 yerle\u015ftirmeleri yasakt\u0131r.<\/p>\n\n\n\n<h2 class=\"wp-block-heading\">5. YASAL DAYANAKLAR<\/h2>\n\n\n\n<ul class=\"wp-block-list\">\n<li><strong>Kesinlikle gerekli \u00e7erezler<\/strong> \u2013 <strong>me\u015fru menfaat<\/strong> Platformu i\u015fletmek (GDPR Madde 6(1)(f)).<\/li>\n\n\n\n<li><strong>Di\u011fer t\u00fcm \u00e7erezler<\/strong> \u2013 <strong>onay<\/strong> (GDPR Madde 6(1)(a)); CMP banner&#039;\u0131m\u0131z arac\u0131l\u0131\u011f\u0131yla elde edilmi\u015ftir.<\/li>\n<\/ul>\n\n\n\n<h2 class=\"wp-block-heading\">6. \u00c7EREZ TERC\u0130HLER\u0130N\u0130Z\u0130 Y\u00d6NETME<\/h2>\n\n\n\n<ol class=\"wp-block-list\">\n<li><strong>CMP Afi\u015fi.<\/strong> \u0130lk ziyaretinizde, size olanak sa\u011flayan bir afi\u015f g\u00f6r\u00fcrs\u00fcn\u00fcz. <em>t\u00fcm\u00fcn\u00fc kabul et<\/em>, <em>gereksiz olanlar\u0131 reddet<\/em>, veya <em>\u00f6zelle\u015ftirmek<\/em> Kategoriler. Altbilgideki &quot;\u00c7erez Ayarlar\u0131&quot; ba\u011flant\u0131s\u0131 arac\u0131l\u0131\u011f\u0131yla CMP&#039;yi istedi\u011finiz zaman yeniden a\u00e7abilirsiniz.<\/li>\n\n\n\n<li><strong>Taray\u0131c\u0131 Ayarlar\u0131.<\/strong> \u00c7o\u011fu taray\u0131c\u0131, \u00e7erezleri global olarak silmenize veya engellemenize olanak tan\u0131r. Kesinlikle gerekli olan \u00e7erezleri engellemek, temel i\u015flevleri (\u00f6rne\u011fin, \u00f6deme, oturum a\u00e7ma) olumsuz etkileyebilir.<\/li>\n\n\n\n<li><strong>Sekt\u00f6rden \u00c7\u0131k\u0131\u015f Se\u00e7enekleri.<\/strong> \u0130lgi alan\u0131na dayal\u0131 reklamc\u0131l\u0131k i\u00e7in https:\/\/optout.aboutads.info (NAI) veya https:\/\/youronlinechoices.eu (EDAA) gibi ara\u00e7lar\u0131 kullanabilirsiniz.<\/li>\n<\/ol>\n\n\n\n<h2 class=\"wp-block-heading\">7. BU POL\u0130T\u0130KADA YAPILAN DE\u011e\u0130\u015e\u0130KL\u0130KLER<\/h2>\n\n\n\n<p>Bu \u00c7erez Politikas\u0131&#039;n\u0131 periyodik olarak g\u00fcncelleyebiliriz. \u00d6nemli de\u011fi\u015fiklikler, \u00c7erez Politikas\u0131 ve\/veya bildirim banner&#039;lar\u0131 arac\u0131l\u0131\u011f\u0131yla vurgulanacakt\u0131r. En \u00fcstte yer alan &quot;Ge\u00e7erlilik&quot; tarihi her zaman en son s\u00fcr\u00fcm\u00fc g\u00f6sterecektir.<\/p>\n\n\n\n<h2 class=\"wp-block-heading\">8. B\u0130ZE ULA\u015eIN<\/h2>\n\n\n\n<p>\u00c7erez kullan\u0131m\u0131m\u0131zla ilgili herhangi bir sorunuz varsa, l\u00fctfen bizimle \u015fu adresten ileti\u015fime ge\u00e7in:<\/p>\n\n\n\n<p><strong>Veri Koruma Ekibi<\/strong><br>S&amp;K ORTAKLAR GRUBU LTD<br>89 Salisbury Road, Hounslow, \u0130ngiltere, TW4 7NW<br>E-posta: info@logic-vault.com<\/p>\n\n\n\n<p>Ayr\u0131ca Birle\u015fik Krall\u0131k Bilgi Komiserli\u011fi Ofisi&#039;ne (ICO) veya Avrupa Ekonomik Alan\u0131 (EEA) i\u00e7indeki yerel denetim makam\u0131n\u0131za \u015fikayette bulunma hakk\u0131n\u0131z da vard\u0131r.<\/p>\n\n\n\n<p>\u00a9 2026 S&amp;K PARTNERS GROUP LTD. T\u00fcm haklar\u0131 sakl\u0131d\u0131r.<\/p>","protected":false},"excerpt":{"rendered":"<p>S&amp;K PARTNERS GROUP LTD Version&nbsp;1.0&nbsp;\u2013 Effective&nbsp;21&nbsp;June&nbsp;2025 1. INTRODUCTION This Cookie Policy explains how Logic-Vault (operated by S&amp;K PARTNERS GROUP&nbsp;LTD, &#8220;we&#8221;, &#8220;us&#8221;, &#8220;our&#8221;) uses cookies and similar technologies on the https:\/\/logic-vault.com domain (the &#8220;Website&#8221; or &#8220;Platform&#8221;). It should be read alongside our Privacy Policy and Terms&nbsp;and&nbsp;Conditions. Under the UK Privacy and Electronic Communications Regulations&nbsp;(PECR) and the [&hellip;]<\/p>\n","protected":false},"author":1,"featured_media":0,"parent":0,"menu_order":0,"comment_status":"closed","ping_status":"closed","template":"","meta":{"footnotes":""},"class_list":["post-21483","page","type-page","status-publish","hentry"],"_links":{"self":[{"href":"https:\/\/logic-vault.com\/tr\/wp-json\/wp\/v2\/pages\/21483","targetHints":{"allow":["GET"]}}],"collection":[{"href":"https:\/\/logic-vault.com\/tr\/wp-json\/wp\/v2\/pages"}],"about":[{"href":"https:\/\/logic-vault.com\/tr\/wp-json\/wp\/v2\/types\/page"}],"author":[{"embeddable":true,"href":"https:\/\/logic-vault.com\/tr\/wp-json\/wp\/v2\/users\/1"}],"replies":[{"embeddable":true,"href":"https:\/\/logic-vault.com\/tr\/wp-json\/wp\/v2\/comments?post=21483"}],"version-history":[{"count":4,"href":"https:\/\/logic-vault.com\/tr\/wp-json\/wp\/v2\/pages\/21483\/revisions"}],"predecessor-version":[{"id":27354,"href":"https:\/\/logic-vault.com\/tr\/wp-json\/wp\/v2\/pages\/21483\/revisions\/27354"}],"wp:attachment":[{"href":"https:\/\/logic-vault.com\/tr\/wp-json\/wp\/v2\/media?parent=21483"}],"curies":[{"name":"wp","href":"https:\/\/api.w.org\/{rel}","templated":true}]}}