{"id":21481,"date":"2025-12-04T14:38:48","date_gmt":"2025-12-04T14:38:48","guid":{"rendered":"http:\/\/logic-vault.com\/?page_id=21481"},"modified":"2026-02-18T13:47:28","modified_gmt":"2026-02-18T13:47:28","slug":"payment-and-refund-policy","status":"publish","type":"page","link":"https:\/\/logic-vault.com\/tr\/payment-and-refund-policy\/","title":{"rendered":"\u00d6deme ve Geri \u00d6deme Politikas\u0131"},"content":{"rendered":"<p>S&amp;K ORTAKLAR GRUBU LTD<\/p>\n\n\n\n<p>S\u00fcr\u00fcm 1.0 \u2013 21 Haziran 2025&#039;ten itibaren ge\u00e7erli<\/p>\n\n\n\n<h2 class=\"wp-block-heading\">1. AMA\u00c7 VE KAPSAM<\/h2>\n\n\n\n<p>Bu \u00d6deme ve Geri \u00d6deme Politikas\u0131 ( <strong>\u201c&quot;Politika&quot;\u201d<\/strong>Bu, Logic-Vault&#039;un (bu metin) H\u00fck\u00fcm ve Ko\u015fullar\u0131n\u0131n bir par\u00e7as\u0131d\u0131r. <strong>\u201cPlatform\u201d<\/strong>) taraf\u0131ndan i\u015fletilmektedir <strong>S&amp;K ORTAKLAR GRUBU LTD<\/strong> (o <strong>\u201c&quot;\u015eirket&quot;\u201d<\/strong>, <strong>\u201c&quot;Biz&quot;\u201d<\/strong>, <strong>\u201c&quot;biz&quot;\u201d<\/strong>\u00d6deme alma ve \u00f6deme i\u015flemlerinin nas\u0131l i\u015flendi\u011fini, uygulanan \u00fccretleri ve al\u0131c\u0131lar\u0131n ve sat\u0131c\u0131lar\u0131n hangi ko\u015fullar alt\u0131nda geri \u00f6deme veya ters ibraz alabilece\u011fini a\u00e7\u0131klar.<\/p>\n\n\n\n<p><em>Mevzuat uyumu:<\/em> Birle\u015fik Krall\u0131k \u00d6deme Hizmetleri Y\u00f6netmeli\u011fi 2017, PSD2 (AB Direktifi 2015\/2366), Birle\u015fik Krall\u0131k T\u00fcketici Haklar\u0131 Yasas\u0131 2015, AB T\u00fcketici Haklar\u0131 Direktifi 2011\/83\/EU ve FCA&#039;n\u0131n G\u00fc\u00e7l\u00fc M\u00fc\u015fteri Kimlik Do\u011frulamas\u0131 Rehberi.<\/p>\n\n\n\n<h2 class=\"wp-block-heading\">2. TANIMLAR<\/h2>\n\n\n\n<ul class=\"wp-block-list\">\n<li><strong>Al\u0131c\u0131<\/strong> \u2013 Yapay zek\u00e2 destekli dijital \u00fcr\u00fcnler sat\u0131n alan kay\u0131tl\u0131 bir kullan\u0131c\u0131.<\/li>\n\n\n\n<li><strong>Sat\u0131c\u0131<\/strong> \u2013 Yapay zek\u00e2 destekli komut istemlerini sat\u0131\u015fa sunan kay\u0131tl\u0131 bir kullan\u0131c\u0131.<\/li>\n\n\n\n<li><strong>\u00d6deme<\/strong> \u2013 Al\u0131c\u0131n\u0131n platforma dijital \u00fcr\u00fcnler i\u00e7in \u00f6deme yapt\u0131\u011f\u0131 sat\u0131n alma i\u015flemi.<\/li>\n\n\n\n<li><strong>\u00d6deme<\/strong> \u2013 Platformun net geliri Sat\u0131c\u0131ya aktard\u0131\u011f\u0131 \u00f6deme i\u015flemi.<\/li>\n\n\n\n<li><strong>Dijital \u00dcr\u00fcnler<\/strong> \u2013 \u00d6deme yap\u0131ld\u0131ktan hemen sonra teslim edilen, somut olmayan yapay zeka komut dosyalar\u0131.<\/li>\n<\/ul>\n\n\n\n<p>(Burada kullan\u0131lan tan\u0131mlar, H\u00fck\u00fcm ve Ko\u015fullar&#039;da belirtilen anlamlarla ayn\u0131d\u0131r.)<\/p>\n\n\n\n<h2 class=\"wp-block-heading\">3. KABUL ED\u0130LEN \u00d6DEME Y\u00d6NTEMLER\u0130<\/h2>\n\n\n\n<figure class=\"wp-block-table\"><table class=\"has-fixed-layout\"><tbody><tr><td><strong>Y\u00f6ntem<\/strong><\/td><td><strong>Para birimi<\/strong><\/td><td><strong>SCA Ba\u015fvurusu<\/strong><\/td><td><strong>Notlar<\/strong><\/td><\/tr><tr><td>Visa\u00ae, Mastercard\u00ae<\/td><td>AUD ($), EUR (\u20ac), USD ($), CAD($)<\/td><td>3-D Secure v2<\/td><td>Kartla yap\u0131lan ek \u00fccretlendirmeler \u0130ngiltere\/AB yasalar\u0131 uyar\u0131nca yasakt\u0131r.<\/td><\/tr><tr><td>SEPA An\u0131nda Kredi Transferi<\/td><td>EUR (\u20ac)<\/td><td>Yok (anl\u0131k \u00f6deme)<\/td><td>Banka masraflar\u0131ndan al\u0131c\u0131 sorumludur.<\/td><\/tr><tr><td>Daha H\u0131zl\u0131 \u00d6demeler (Birle\u015fik Krall\u0131k)<\/td><td>GBP (\u00a3)<\/td><td>Yok<\/td><td><\/td><\/tr><\/tbody><\/table><\/figure>\n\n\n\n<p><em>Platform \u00fczerinden 7 g\u00fcn \u00f6nceden bildirimde bulunarak y\u00f6ntem ekleme veya kald\u0131rma hakk\u0131m\u0131z\u0131 sakl\u0131 tutuyoruz.<\/em><\/p>\n\n\n\n<h2 class=\"wp-block-heading\">4. F\u0130YATLANDIRMA, VERG\u0130LER VE \u00dcCRETLER<\/h2>\n\n\n\n<ol class=\"wp-block-list\">\n<li><strong>Para Birimini G\u00f6ster.<\/strong> Fiyatlar, al\u0131c\u0131n\u0131n fatura adresine g\u00f6re ge\u00e7erli KDV veya sat\u0131\u015f vergisi dahil olarak g\u00f6sterilmektedir.<\/li>\n\n\n\n<li><strong>D\u00f6viz Kurlar\u0131.<\/strong> Kripto para \u00f6demelerinde tutarlar \u015fu \u015fekilde hesaplan\u0131r: <strong>Bitstamp<\/strong> Blok zaman damgas\u0131 + 30 saniyedeki piyasa ortalama kuru.<\/li>\n\n\n\n<li><strong>Pazar Yeri Komisyonu.<\/strong> Platform, sat\u0131c\u0131ya \u00f6deme yapmadan \u00f6nce her ba\u015far\u0131l\u0131 sat\u0131\u015ftan 15 % tutar\u0131nda bir \u00fccret keser.<\/li>\n\n\n\n<li><strong>A\u011f ve Bankac\u0131l\u0131k \u00dccretleri.<\/strong> D\u0131\u015far\u0131dan al\u0131nan \u00fccretler (\u00f6rne\u011fin, do\u011falgaz, banka masraflar\u0131) maliyetine yans\u0131t\u0131l\u0131r.<\/li>\n<\/ol>\n\n\n\n<h2 class=\"wp-block-heading\">5. \u00d6DEME \u0130\u015eLEM\u0130 (ALICI)<\/h2>\n\n\n\n<ol class=\"wp-block-list\">\n<li><strong>Yetkilendirme.<\/strong> \u00d6deme, FCA lisansl\u0131 \u00f6deme hizmeti sa\u011flay\u0131c\u0131m\u0131z arac\u0131l\u0131\u011f\u0131yla \u00f6deme sayfas\u0131nda onaylan\u0131r.<\/li>\n\n\n\n<li><strong>An\u0131nda teslimat.<\/strong> Dijital \u00fcr\u00fcnler, ba\u015far\u0131l\u0131 onay i\u015fleminden hemen sonra teslim edilir. \u00d6deme i\u015flemini tamamlayarak, Al\u0131c\u0131lar <strong>14 g\u00fcnl\u00fck cayma hakk\u0131ndan a\u00e7\u0131k\u00e7a feragat etmeyi kabul etmek<\/strong> dijital i\u00e7erik i\u00e7in (AB T\u00fcketici Haklar\u0131 Direktifi Madde 16(m)).<\/li>\n\n\n\n<li><strong>\u00d6deme Onay\u0131.<\/strong> Al\u0131c\u0131ya elektronik bir makbuz birka\u00e7 dakika i\u00e7inde e-posta ile g\u00f6nderilir.<\/li>\n\n\n\n<li><strong>Ba\u015far\u0131s\u0131z \u0130\u015flemler.<\/strong> Yetkilendirme ba\u015far\u0131s\u0131z olursa, herhangi bir \u00fccret uygulanmaz.<\/li>\n<\/ol>\n\n\n\n<h2 class=\"wp-block-heading\">6. \u00d6DEME S\u00dcREC\u0130 (TEDAR\u0130K\u00c7\u0130)<\/h2>\n\n\n\n<ol class=\"wp-block-list\">\n<li><strong>\u00d6deme Takvimi.<\/strong> Net gelirler, kartla \u00f6demelerde 2 i\u015f g\u00fcn\u00fc i\u00e7inde, kripto parayla \u00f6demelerde ise 12 blok onay\u0131ndan sonra sat\u0131c\u0131 bakiyesine yat\u0131r\u0131l\u0131r.<\/li>\n\n\n\n<li><strong>\u00d6deme S\u0131kl\u0131\u011f\u0131.<\/strong> Sat\u0131c\u0131 bakiyesi 50 \u00a3\/50 \u20ac\/$50 e\u015fde\u011ferini a\u015ft\u0131\u011f\u0131nda, her Pazartesi 09:00 UTC&#039;de otomatik haftal\u0131k \u00f6deme yap\u0131l\u0131r.<\/li>\n\n\n\n<li><strong>KYC Gereklili\u011fi.<\/strong> Sat\u0131c\u0131lar, ilk \u00f6deme yap\u0131lmadan \u00f6nce Seviye 2 KYC (foto\u011frafl\u0131 kimlik + adres kan\u0131t\u0131) do\u011frulamas\u0131ndan ge\u00e7melidir (Birle\u015fik Krall\u0131k MLR 2017 uyumlulu\u011fu).<\/li>\n\n\n\n<li><strong>Geri \u00d6deme Rezervi.<\/strong> Her sat\u0131\u015ftan elde edilen 5 % tutar\u0131ndaki gelir, olas\u0131 iade talepleri veya anla\u015fmazl\u0131klar\u0131 kar\u015f\u0131lamak \u00fczere 90 g\u00fcn s\u00fcreyle rezervde tutulmaktad\u0131r.<\/li>\n<\/ol>\n\n\n\n<h2 class=\"wp-block-heading\">7. \u0130ADE POL\u0130T\u0130KASI (ALICILAR)<\/h2>\n\n\n\n<h3 class=\"wp-block-heading\">7.1 Geri \u00d6deme Yap\u0131lmayacak Durumlar<\/h3>\n\n\n\n<ul class=\"wp-block-list\">\n<li><strong>Dijital \u00fcr\u00fcnler do\u011fru \u015fekilde teslim edildi.<\/strong> Eri\u015fim izninin verildi\u011fi yerlerde.<\/li>\n\n\n\n<li>\u0130ndirdikten sonra pi\u015fmanl\u0131k duyma veya fikrini de\u011fi\u015ftirme.<\/li>\n<\/ul>\n\n\n\n<h3 class=\"wp-block-heading\">7.2 Geri \u00d6deme \u0130\u00e7in Uygun Ko\u015fullar<\/h3>\n\n\n\n<figure class=\"wp-block-table\"><table class=\"has-fixed-layout\"><tbody><tr><td>Senaryo<\/td><td>Kan\u0131t Gerekli<\/td><td>Geri \u00d6deme Penceresi<\/td><\/tr><tr><td>Yanl\u0131\u015f veya bozuk dosya teslim edildi.<\/td><td>Ekran g\u00f6r\u00fcnt\u00fcs\u00fc ve dosya \u00f6zeti uyu\u015fmazl\u0131\u011f\u0131<\/td><td>14 takvim g\u00fcn\u00fc<\/td><\/tr><tr><td>Platform hatas\u0131 nedeniyle \u00e7ift sat\u0131n alma i\u015flemi ger\u00e7ekle\u015fti.<\/td><td>Sipari\u015f Kimlikleri + zaman damgalar\u0131<\/td><td>14 g\u00fcn<\/td><\/tr><tr><td>Yetkisiz i\u015flem (doland\u0131r\u0131c\u0131l\u0131k)<\/td><td>Banka\/\u00d6deme Hizmeti Sa\u011flay\u0131c\u0131s\u0131 anla\u015fmazl\u0131k formu<\/td><td>60 g\u00fcn<\/td><\/tr><\/tbody><\/table><\/figure>\n\n\n\n<h3 class=\"wp-block-heading\">7.3 Geri \u00d6deme Prosed\u00fcr\u00fc<\/h3>\n\n\n\n<ol class=\"wp-block-list\">\n<li>Al\u0131c\u0131, a\u015fa\u011f\u0131daki y\u00f6ntemle bir destek talebi a\u00e7ar. <strong>info@logic-vault.com<\/strong> Sipari\u015f detaylar\u0131yla birlikte.<\/li>\n\n\n\n<li>Bunu kabul ediyoruz. <strong>2 i\u015f g\u00fcn\u00fc<\/strong>.<\/li>\n\n\n\n<li>Onayland\u0131\u011f\u0131 takdirde, geri \u00f6demeler orijinal \u00f6deme y\u00f6ntemi \u00fczerinden ger\u00e7ekle\u015ftirilir. <strong>5 i\u015f g\u00fcn\u00fc<\/strong>. Kripto para iadeleri, kripto para miktar\u0131 \u00fczerinden de\u011fil, \u00f6denen AUD\/EUR\/USD\/CAD de\u011feri \u00fczerinden ger\u00e7ekle\u015ftirilir.<\/li>\n\n\n\n<li>Sat\u0131c\u0131y\u0131 bilgilendiriyoruz; ihtilafl\u0131 tutarlar, yakla\u015fan \u00f6demelerinden d\u00fc\u015f\u00fclebilir.<\/li>\n<\/ol>\n\n\n\n<h2 class=\"wp-block-heading\">8. \u0130ADE TALEPLER\u0130<\/h2>\n\n\n\n<ol class=\"wp-block-list\">\n<li><strong>Bildiri.<\/strong> \u00d6deme sistemi \u00fczerinden bir geri \u00f6deme talebi ald\u0131\u011f\u0131m\u0131zda, sat\u0131c\u0131y\u0131 derhal bilgilendiriyoruz.<\/li>\n\n\n\n<li><strong>Sat\u0131c\u0131 Kan\u0131t\u0131.<\/strong> Tedarik\u00e7iler teslimat kan\u0131tlar\u0131n\u0131 belirtilen s\u00fcre i\u00e7inde sunmal\u0131d\u0131r. <strong>3 i\u015f g\u00fcn\u00fc<\/strong>.<\/li>\n\n\n\n<li><strong>\u00dccretler.<\/strong> Her ba\u015far\u0131s\u0131z geri \u00f6deme talebi i\u00e7in sat\u0131c\u0131dan 15 \u00a3 tutar\u0131nda bir idari \u00fccret tahsil edilir.<\/li>\n\n\n\n<li><strong>Fesih Hakk\u0131.<\/strong> A\u015f\u0131r\u0131 miktarda geri \u00f6deme talebi (&gt; ayl\u0131k 1,5 % i\u015flem) hesab\u0131n ask\u0131ya al\u0131nmas\u0131na yol a\u00e7abilir.<\/li>\n<\/ol>\n\n\n\n<h2 class=\"wp-block-heading\">9. Kara Para Aklama\/Ter\u00f6r Finansman\u0131 ve Yapt\u0131r\u0131m Taramas\u0131<\/h2>\n\n\n\n<p>T\u00fcm i\u015flemler, \u0130ngiltere OFSI, AB, BM ve ABD OFAC yapt\u0131r\u0131m listelerine g\u00f6re taranmaktad\u0131r. Chainalysis KYT taraf\u0131ndan y\u00fcksek riskli olarak i\u015faretlenen kripto adresleri reddedilir ve gerekti\u011finde Ulusal Su\u00e7 Ajans\u0131&#039;na (SAR) bildirilir.<\/p>\n\n\n\n<h2 class=\"wp-block-heading\">10. PARA B\u0130R\u0130M\u0130 D\u00d6N\u00dc\u015e\u00dcM\u00dc VE D\u00d6V\u0130Z SPREADLER\u0130<\/h2>\n\n\n\n<p>Al\u0131c\u0131n\u0131n kart\u0131 GBP\/EUR\/USD d\u0131\u015f\u0131nda bir para biriminde ise, kart\u0131 d\u00fczenleyen bankan\u0131n d\u00f6viz kuru ge\u00e7erlidir. <strong>Olumsuz<\/strong> Ek d\u00f6n\u00fc\u015f\u00fcm marjlar\u0131 uygulamak.<\/p>\n\n\n\n<h2 class=\"wp-block-heading\">11. HATALAR VE UZLA\u015eTIRMALAR<\/h2>\n\n\n\n<p>Teknik veya fiyatland\u0131rma hatas\u0131 meydana gelen herhangi bir i\u015flemi geri alabilir, d\u00fczeltebilir veya de\u011fi\u015ftirebiliriz. Al\u0131c\u0131lar\/Sat\u0131c\u0131lar 24 saat i\u00e7inde bilgilendirilecektir.<\/p>\n\n\n\n<h2 class=\"wp-block-heading\">12. BU POL\u0130T\u0130KADA YAPILACAK DE\u011e\u0130\u015e\u0130KL\u0130KLER<\/h2>\n\n\n\n<p>Bu Politikay\u0131 d\u00fczenleyici veya operasyonel nedenlerle de\u011fi\u015ftirebiliriz. De\u011fi\u015fiklikler, Platformda yay\u0131nland\u0131ktan 14 g\u00fcn sonra y\u00fcr\u00fcrl\u00fc\u011fe girer. Kullanmaya devam etmek, kabul anlam\u0131na gelir.<\/p>\n\n\n\n<h2 class=\"wp-block-heading\">13. \u0130LET\u0130\u015e\u0130M<\/h2>\n\n\n\n<p>\u00d6demeler veya iadelerle ilgili sorular \u015fu adrese g\u00f6nderilmelidir: <strong>info@logic-vault.com<\/strong> veya yaz\u0131l\u0131 olarak \u015fu adrese g\u00f6nderilebilir:<\/p>\n\n\n\n<p>Uyumluluk Departman\u0131 S&amp;K PARTNERS GROUP LTD 89 Salisbury Road, Hounslow, \u0130ngiltere, TW4 7NW<\/p>\n\n\n\n<p>\u00a9 2026 S&amp;K PARTNERS GROUP LTD. T\u00fcm haklar\u0131 sakl\u0131d\u0131r.<\/p>","protected":false},"excerpt":{"rendered":"<p>S&amp;K PARTNERS GROUP LTD Version&nbsp;1.0&nbsp;\u2013 Effective&nbsp;21&nbsp;June&nbsp;2025 1. PURPOSE AND SCOPE This Payment and Refund Policy (the &#8220;Policy&#8221;) forms part of the Terms&nbsp;and&nbsp;Conditions of Logic-Vault (the &#8220;Platform&#8221;) operated by S&amp;K PARTNERS GROUP&nbsp;LTD (the &#8220;Company&#8221;, &#8220;we&#8221;, &#8220;us&#8221;). It explains how Pay-In and Pay-Out transactions are processed, the fees applied, and the circumstances under which Buyers and Vendors [&hellip;]<\/p>\n","protected":false},"author":1,"featured_media":0,"parent":0,"menu_order":0,"comment_status":"closed","ping_status":"closed","template":"","meta":{"footnotes":""},"class_list":["post-21481","page","type-page","status-publish","hentry"],"_links":{"self":[{"href":"https:\/\/logic-vault.com\/tr\/wp-json\/wp\/v2\/pages\/21481","targetHints":{"allow":["GET"]}}],"collection":[{"href":"https:\/\/logic-vault.com\/tr\/wp-json\/wp\/v2\/pages"}],"about":[{"href":"https:\/\/logic-vault.com\/tr\/wp-json\/wp\/v2\/types\/page"}],"author":[{"embeddable":true,"href":"https:\/\/logic-vault.com\/tr\/wp-json\/wp\/v2\/users\/1"}],"replies":[{"embeddable":true,"href":"https:\/\/logic-vault.com\/tr\/wp-json\/wp\/v2\/comments?post=21481"}],"version-history":[{"count":6,"href":"https:\/\/logic-vault.com\/tr\/wp-json\/wp\/v2\/pages\/21481\/revisions"}],"predecessor-version":[{"id":27359,"href":"https:\/\/logic-vault.com\/tr\/wp-json\/wp\/v2\/pages\/21481\/revisions\/27359"}],"wp:attachment":[{"href":"https:\/\/logic-vault.com\/tr\/wp-json\/wp\/v2\/media?parent=21481"}],"curies":[{"name":"wp","href":"https:\/\/api.w.org\/{rel}","templated":true}]}}